{"id":5510,"date":"2025-04-07T15:02:48","date_gmt":"2025-04-07T21:02:48","guid":{"rendered":"https:\/\/labhersol.com.mx\/?post_type=product&#038;p=5510"},"modified":"2025-04-07T15:02:49","modified_gmt":"2025-04-07T21:02:49","slug":"tween-80","status":"publish","type":"product","link":"https:\/\/labhersol.com.mx\/es\/producto\/tween-80\/","title":{"rendered":"Tween 80"},"content":{"rendered":"","protected":false},"excerpt":{"rendered":"<p class=\"\" data-start=\"0\" data-end=\"176\"><strong data-start=\"0\" data-end=\"12\">Tween 80<\/strong>, tambi\u00e9n conocido como <strong data-start=\"36\" data-end=\"54\">polisorbato 80<\/strong>, es un <strong data-start=\"62\" data-end=\"88\">emulsionante no i\u00f3nico<\/strong> ampliamente utilizado en las industrias cosm\u00e9tica, alimentaria, farmac\u00e9utica y qu\u00edmica.<\/p>\n<h3 class=\"\" data-start=\"183\" data-end=\"226\"><strong data-start=\"190\" data-end=\"209\">Nombre qu\u00edmico:<\/strong> Polisorbato 80<\/h3>\n<p class=\"\" data-start=\"227\" data-end=\"386\"><strong data-start=\"227\" data-end=\"236\">INCI:<\/strong> Polysorbate 80<br data-start=\"251\" data-end=\"254\" \/><strong data-start=\"254\" data-end=\"266\">Aspecto:<\/strong> L\u00edquido viscoso, amarillento, soluble en agua<br data-start=\"312\" data-end=\"315\" \/><strong data-start=\"315\" data-end=\"326\">Origen:<\/strong> Derivado del sorbitol (az\u00facar) y \u00e1cido oleico (\u00e1cido graso)<\/p>\n<h3 class=\"\" data-start=\"393\" data-end=\"435\"><strong data-start=\"400\" data-end=\"435\">Principales usos y propiedades:<\/strong><\/h3>\n<h4 class=\"\" data-start=\"437\" data-end=\"461\"><strong data-start=\"445\" data-end=\"461\">Emulsionante<\/strong><\/h4>\n<ul data-start=\"462\" data-end=\"624\">\n<li class=\"\" data-start=\"462\" data-end=\"551\">\n<p class=\"\" data-start=\"464\" data-end=\"551\">Facilita la mezcla de ingredientes que normalmente no se combinan, como agua y aceites.<\/p>\n<\/li>\n<li class=\"\" data-start=\"552\" data-end=\"624\">\n<p class=\"\" data-start=\"554\" data-end=\"624\">Ideal para f\u00f3rmulas cosm\u00e9ticas como cremas, lociones, sueros y sprays.<\/p>\n<\/li>\n<\/ul>\n<h4 class=\"\" data-start=\"626\" data-end=\"666\"><strong data-start=\"634\" data-end=\"666\">Cosm\u00e9tica y cuidado personal<\/strong><\/h4>\n<ul data-start=\"667\" data-end=\"846\">\n<li class=\"\" data-start=\"667\" data-end=\"751\">\n<p class=\"\" data-start=\"669\" data-end=\"751\">Usado en champ\u00fas, acondicionadores, desmaquillantes, cremas y productos bif\u00e1sicos.<\/p>\n<\/li>\n<li class=\"\" data-start=\"752\" data-end=\"807\">\n<p class=\"\" data-start=\"754\" data-end=\"807\">Mejora la textura y estabilidad de las formulaciones.<\/p>\n<\/li>\n<li class=\"\" data-start=\"808\" data-end=\"846\">\n<p class=\"\" data-start=\"810\" data-end=\"846\">Aporta una sensaci\u00f3n suave y sedosa.<\/p>\n<\/li>\n<\/ul>\n<h4 class=\"\" data-start=\"848\" data-end=\"881\"><strong data-start=\"856\" data-end=\"881\">Industria alimentaria<\/strong><\/h4>\n<ul data-start=\"882\" data-end=\"1010\">\n<li class=\"\" data-start=\"882\" data-end=\"948\">\n<p class=\"\" data-start=\"884\" data-end=\"948\">Emulsiona aceites en productos como helados, aderezos, y salsas.<\/p>\n<\/li>\n<li class=\"\" data-start=\"949\" data-end=\"1010\">\n<p class=\"\" data-start=\"951\" data-end=\"1010\">Reconocido como aditivo alimentario con el c\u00f3digo <strong data-start=\"1001\" data-end=\"1009\">E433<\/strong>.<\/p>\n<\/li>\n<\/ul>\n<h4 class=\"\" data-start=\"1012\" data-end=\"1046\"><strong data-start=\"1020\" data-end=\"1046\">Industria farmac\u00e9utica<\/strong><\/h4>\n<ul data-start=\"1047\" data-end=\"1174\">\n<li class=\"\" data-start=\"1047\" data-end=\"1106\">\n<p class=\"\" data-start=\"1049\" data-end=\"1106\">Facilita la dispersi\u00f3n de principios activos lipof\u00edlicos.<\/p>\n<\/li>\n<li class=\"\" data-start=\"1107\" data-end=\"1174\">\n<p class=\"\" data-start=\"1109\" data-end=\"1174\">Presente en vacunas, suspensiones orales, y f\u00f3rmulas inyectables.<\/p>\n<\/li>\n<\/ul>\n<h4 class=\"\" data-start=\"1176\" data-end=\"1205\"><strong data-start=\"1184\" data-end=\"1205\">Industria qu\u00edmica<\/strong><\/h4>\n<ul data-start=\"1206\" data-end=\"1335\">\n<li class=\"\" data-start=\"1206\" data-end=\"1335\">\n<p class=\"\" data-start=\"1208\" data-end=\"1335\">Se usa en productos de limpieza y formulaciones industriales donde se requiere estabilizar emulsiones o mejorar la solubilidad.<\/p>\n<\/li>\n<\/ul>\n","protected":false},"featured_media":0,"template":"","meta":{"powered_cache_disable_cache":false},"product_brand":[],"product_cat":[67],"product_tag":[],"class_list":{"0":"post-5510","1":"product","2":"type-product","3":"status-publish","5":"product_cat-industrial","7":"first","8":"instock","9":"shipping-taxable","10":"product-type-simple"},"_links":{"self":[{"href":"https:\/\/labhersol.com.mx\/es\/wp-json\/wp\/v2\/product\/5510","targetHints":{"allow":["GET"]}}],"collection":[{"href":"https:\/\/labhersol.com.mx\/es\/wp-json\/wp\/v2\/product"}],"about":[{"href":"https:\/\/labhersol.com.mx\/es\/wp-json\/wp\/v2\/types\/product"}],"wp:attachment":[{"href":"https:\/\/labhersol.com.mx\/es\/wp-json\/wp\/v2\/media?parent=5510"}],"wp:term":[{"taxonomy":"product_brand","embeddable":true,"href":"https:\/\/labhersol.com.mx\/es\/wp-json\/wp\/v2\/product_brand?post=5510"},{"taxonomy":"product_cat","embeddable":true,"href":"https:\/\/labhersol.com.mx\/es\/wp-json\/wp\/v2\/product_cat?post=5510"},{"taxonomy":"product_tag","embeddable":true,"href":"https:\/\/labhersol.com.mx\/es\/wp-json\/wp\/v2\/product_tag?post=5510"}],"curies":[{"name":"wp","href":"https:\/\/api.w.org\/{rel}","templated":true}]}}