{"id":5505,"date":"2025-04-07T14:56:45","date_gmt":"2025-04-07T20:56:45","guid":{"rendered":"https:\/\/labhersol.com.mx\/?post_type=product&#038;p=5505"},"modified":"2025-04-07T14:58:43","modified_gmt":"2025-04-07T20:58:43","slug":"tierra-de-diatomeas","status":"publish","type":"product","link":"https:\/\/labhersol.com.mx\/es\/producto\/tierra-de-diatomeas\/","title":{"rendered":"Tierra de Diatomeas"},"content":{"rendered":"","protected":false},"excerpt":{"rendered":"<p class=\"\" data-start=\"0\" data-end=\"251\">La <strong data-start=\"3\" data-end=\"26\">tierra de diatomeas<\/strong> es un polvo fino y blanco compuesto por los restos fosilizados de diatomeas, un tipo de alga microsc\u00f3pica. Se utiliza en diversas industrias y aplicaciones gracias a sus propiedades absorbentes, abrasivas y antiparasitarias.<\/p>\n<h3 class=\"\" data-start=\"253\" data-end=\"296\">Usos comunes de la tierra de diatomeas:<\/h3>\n<h4 class=\"\" data-start=\"298\" data-end=\"343\">\u00a0Control de plagas (grado alimenticio)<\/h4>\n<ul data-start=\"344\" data-end=\"601\">\n<li class=\"\" data-start=\"344\" data-end=\"465\">\n<p class=\"\" data-start=\"346\" data-end=\"465\">Act\u00faa como insecticida natural para eliminar hormigas, pulgas, cucarachas, chinches, \u00e1caros y otros insectos rastreros.<\/p>\n<\/li>\n<li class=\"\" data-start=\"466\" data-end=\"601\">\n<p class=\"\" data-start=\"468\" data-end=\"601\">No es t\u00f3xica para humanos ni mascotas (si se usa el <strong data-start=\"520\" data-end=\"541\">grado alimenticio<\/strong>), pero es letal para los insectos al da\u00f1ar su exoesqueleto.<\/p>\n<\/li>\n<\/ul>\n<h4 class=\"\" data-start=\"603\" data-end=\"635\">Agricultura y jardiner\u00eda<\/h4>\n<ul data-start=\"636\" data-end=\"773\">\n<li class=\"\" data-start=\"636\" data-end=\"699\">\n<p class=\"\" data-start=\"638\" data-end=\"699\">Protege las plantas contra plagas sin afectar su crecimiento.<\/p>\n<\/li>\n<li class=\"\" data-start=\"700\" data-end=\"773\">\n<p class=\"\" data-start=\"702\" data-end=\"773\">Tambi\u00e9n se usa para mejorar la aireaci\u00f3n y retenci\u00f3n de agua en suelos.<\/p>\n<\/li>\n<\/ul>\n<h4 class=\"\" data-start=\"775\" data-end=\"814\">Productos de limpieza e higiene<\/h4>\n<ul data-start=\"815\" data-end=\"896\">\n<li class=\"\" data-start=\"815\" data-end=\"896\">\n<p class=\"\" data-start=\"817\" data-end=\"896\">Se incorpora en pastas dentales, exfoliantes y limpiadores como abrasivo suave.<\/p>\n<\/li>\n<\/ul>\n<h4 class=\"\" data-start=\"898\" data-end=\"920\">Uso industrial<\/h4>\n<ul data-start=\"921\" data-end=\"1091\">\n<li class=\"\" data-start=\"921\" data-end=\"982\">\n<p class=\"\" data-start=\"923\" data-end=\"982\">Filtraci\u00f3n de l\u00edquidos como agua, cerveza, vinos y aceites.<\/p>\n<\/li>\n<li class=\"\" data-start=\"983\" data-end=\"1026\">\n<p class=\"\" data-start=\"985\" data-end=\"1026\">Como absorbente en derrames industriales.<\/p>\n<\/li>\n<li class=\"\" data-start=\"1027\" data-end=\"1091\">\n<p class=\"\" data-start=\"1029\" data-end=\"1091\">Como carga o relleno en pinturas, pl\u00e1sticos y otros productos.<\/p>\n<\/li>\n<\/ul>\n<h4 class=\"\" data-start=\"1093\" data-end=\"1123\">\u00a0En alimentaci\u00f3n animal<\/h4>\n<ul data-start=\"1124\" data-end=\"1232\">\n<li class=\"\" data-start=\"1124\" data-end=\"1187\">\n<p class=\"\" data-start=\"1126\" data-end=\"1187\">Se mezcla con alimentos para eliminar par\u00e1sitos intestinales.<\/p>\n<\/li>\n<li class=\"\" data-start=\"1188\" data-end=\"1232\">\n<p class=\"\" data-start=\"1190\" data-end=\"1232\">Mejora la digesti\u00f3n en animales de granja.<\/p>\n<\/li>\n<\/ul>\n","protected":false},"featured_media":0,"template":"","meta":{"powered_cache_disable_cache":false},"product_brand":[],"product_cat":[69],"product_tag":[],"class_list":{"0":"post-5505","1":"product","2":"type-product","3":"status-publish","5":"product_cat-agroquimicos","7":"first","8":"instock","9":"shipping-taxable","10":"product-type-simple"},"_links":{"self":[{"href":"https:\/\/labhersol.com.mx\/es\/wp-json\/wp\/v2\/product\/5505","targetHints":{"allow":["GET"]}}],"collection":[{"href":"https:\/\/labhersol.com.mx\/es\/wp-json\/wp\/v2\/product"}],"about":[{"href":"https:\/\/labhersol.com.mx\/es\/wp-json\/wp\/v2\/types\/product"}],"wp:attachment":[{"href":"https:\/\/labhersol.com.mx\/es\/wp-json\/wp\/v2\/media?parent=5505"}],"wp:term":[{"taxonomy":"product_brand","embeddable":true,"href":"https:\/\/labhersol.com.mx\/es\/wp-json\/wp\/v2\/product_brand?post=5505"},{"taxonomy":"product_cat","embeddable":true,"href":"https:\/\/labhersol.com.mx\/es\/wp-json\/wp\/v2\/product_cat?post=5505"},{"taxonomy":"product_tag","embeddable":true,"href":"https:\/\/labhersol.com.mx\/es\/wp-json\/wp\/v2\/product_tag?post=5505"}],"curies":[{"name":"wp","href":"https:\/\/api.w.org\/{rel}","templated":true}]}}