{"id":5026,"date":"2025-01-30T20:08:37","date_gmt":"2025-01-30T20:08:37","guid":{"rendered":"https:\/\/labhersol.com.mx\/?product=peroxido-de-hidrogeno-50-2"},"modified":"2025-04-07T10:54:42","modified_gmt":"2025-04-07T16:54:42","slug":"peroxido-de-hidrogeno-50-2","status":"publish","type":"product","link":"https:\/\/labhersol.com.mx\/es\/producto\/peroxido-de-hidrogeno-50-2\/","title":{"rendered":"Per\u00f3xido de Hidr\u00f3geno 50%"},"content":{"rendered":"<p>Compuesto utilizado como desinfectante, blanqueador y agente oxidante en la industria qu\u00edmica, cosm\u00e9tica y farmac\u00e9utica.<\/p>\n","protected":false},"excerpt":{"rendered":"<p>Compuesto utilizado como desinfectante, blanqueador y agente oxidante en la industria qu\u00edmica, cosm\u00e9tica y farmac\u00e9utica.<\/p>\n","protected":false},"featured_media":0,"template":"","meta":{"powered_cache_disable_cache":false},"product_brand":[],"product_cat":[69],"product_tag":[],"class_list":{"0":"post-5026","1":"product","2":"type-product","3":"status-publish","5":"product_cat-agroquimicos","7":"first","8":"instock","9":"shipping-taxable","10":"product-type-simple"},"_links":{"self":[{"href":"https:\/\/labhersol.com.mx\/es\/wp-json\/wp\/v2\/product\/5026","targetHints":{"allow":["GET"]}}],"collection":[{"href":"https:\/\/labhersol.com.mx\/es\/wp-json\/wp\/v2\/product"}],"about":[{"href":"https:\/\/labhersol.com.mx\/es\/wp-json\/wp\/v2\/types\/product"}],"wp:attachment":[{"href":"https:\/\/labhersol.com.mx\/es\/wp-json\/wp\/v2\/media?parent=5026"}],"wp:term":[{"taxonomy":"product_brand","embeddable":true,"href":"https:\/\/labhersol.com.mx\/es\/wp-json\/wp\/v2\/product_brand?post=5026"},{"taxonomy":"product_cat","embeddable":true,"href":"https:\/\/labhersol.com.mx\/es\/wp-json\/wp\/v2\/product_cat?post=5026"},{"taxonomy":"product_tag","embeddable":true,"href":"https:\/\/labhersol.com.mx\/es\/wp-json\/wp\/v2\/product_tag?post=5026"}],"curies":[{"name":"wp","href":"https:\/\/api.w.org\/{rel}","templated":true}]}}