{"id":5022,"date":"2025-01-30T20:08:36","date_gmt":"2025-01-30T20:08:36","guid":{"rendered":"https:\/\/labhersol.com.mx\/?product=sosa-caustica-escamas-2"},"modified":"2025-04-07T13:19:22","modified_gmt":"2025-04-07T19:19:22","slug":"sosa-caustica-escamas-2","status":"publish","type":"product","link":"https:\/\/labhersol.com.mx\/es\/producto\/sosa-caustica-escamas-2\/","title":{"rendered":"Sosa C\u00e1ustica Escamas"},"content":{"rendered":"<p>Hidr\u00f3xido de sodio en forma s\u00f3lida, utilizado en la fabricaci\u00f3n de jab\u00f3n, detergentes y en diversos procesos industriales.<\/p>\n","protected":false},"excerpt":{"rendered":"<p>Hidr\u00f3xido de sodio en forma s\u00f3lida, utilizado en la fabricaci\u00f3n de jab\u00f3n, detergentes y en diversos procesos industriales.<\/p>\n","protected":false},"featured_media":0,"template":"","meta":{"powered_cache_disable_cache":false},"product_brand":[],"product_cat":[69],"product_tag":[],"class_list":{"0":"post-5022","1":"product","2":"type-product","3":"status-publish","5":"product_cat-agroquimicos","7":"first","8":"instock","9":"shipping-taxable","10":"product-type-simple"},"_links":{"self":[{"href":"https:\/\/labhersol.com.mx\/es\/wp-json\/wp\/v2\/product\/5022","targetHints":{"allow":["GET"]}}],"collection":[{"href":"https:\/\/labhersol.com.mx\/es\/wp-json\/wp\/v2\/product"}],"about":[{"href":"https:\/\/labhersol.com.mx\/es\/wp-json\/wp\/v2\/types\/product"}],"wp:attachment":[{"href":"https:\/\/labhersol.com.mx\/es\/wp-json\/wp\/v2\/media?parent=5022"}],"wp:term":[{"taxonomy":"product_brand","embeddable":true,"href":"https:\/\/labhersol.com.mx\/es\/wp-json\/wp\/v2\/product_brand?post=5022"},{"taxonomy":"product_cat","embeddable":true,"href":"https:\/\/labhersol.com.mx\/es\/wp-json\/wp\/v2\/product_cat?post=5022"},{"taxonomy":"product_tag","embeddable":true,"href":"https:\/\/labhersol.com.mx\/es\/wp-json\/wp\/v2\/product_tag?post=5022"}],"curies":[{"name":"wp","href":"https:\/\/api.w.org\/{rel}","templated":true}]}}