{"id":5017,"date":"2025-01-30T20:08:35","date_gmt":"2025-01-30T20:08:35","guid":{"rendered":"https:\/\/labhersol.com.mx\/?product=alcohol-etilico-2"},"modified":"2025-04-01T14:52:09","modified_gmt":"2025-04-01T20:52:09","slug":"alcohol-etilico-2","status":"publish","type":"product","link":"https:\/\/labhersol.com.mx\/es\/producto\/alcohol-etilico-2\/","title":{"rendered":"Alcohol Et\u00edlico"},"content":{"rendered":"<p>Alcohol usado como disolvente, en la producci\u00f3n de bebidas alcoh\u00f3licas y como desinfectante.<\/p>\n","protected":false},"excerpt":{"rendered":"<p>Alcohol usado como disolvente, en la producci\u00f3n de bebidas alcoh\u00f3licas y como desinfectante.<\/p>\n","protected":false},"featured_media":0,"template":"","meta":{"powered_cache_disable_cache":false},"product_brand":[],"product_cat":[69],"product_tag":[],"class_list":{"0":"post-5017","1":"product","2":"type-product","3":"status-publish","5":"product_cat-agroquimicos","7":"first","8":"instock","9":"shipping-taxable","10":"product-type-simple"},"_links":{"self":[{"href":"https:\/\/labhersol.com.mx\/es\/wp-json\/wp\/v2\/product\/5017","targetHints":{"allow":["GET"]}}],"collection":[{"href":"https:\/\/labhersol.com.mx\/es\/wp-json\/wp\/v2\/product"}],"about":[{"href":"https:\/\/labhersol.com.mx\/es\/wp-json\/wp\/v2\/types\/product"}],"wp:attachment":[{"href":"https:\/\/labhersol.com.mx\/es\/wp-json\/wp\/v2\/media?parent=5017"}],"wp:term":[{"taxonomy":"product_brand","embeddable":true,"href":"https:\/\/labhersol.com.mx\/es\/wp-json\/wp\/v2\/product_brand?post=5017"},{"taxonomy":"product_cat","embeddable":true,"href":"https:\/\/labhersol.com.mx\/es\/wp-json\/wp\/v2\/product_cat?post=5017"},{"taxonomy":"product_tag","embeddable":true,"href":"https:\/\/labhersol.com.mx\/es\/wp-json\/wp\/v2\/product_tag?post=5017"}],"curies":[{"name":"wp","href":"https:\/\/api.w.org\/{rel}","templated":true}]}}