{"id":5014,"date":"2025-01-30T20:08:34","date_gmt":"2025-01-30T20:08:34","guid":{"rendered":"https:\/\/labhersol.com.mx\/?product=acido-fosforico-ambar-85-2"},"modified":"2025-04-01T14:28:20","modified_gmt":"2025-04-01T20:28:20","slug":"acido-fosforico-ambar-85-2","status":"publish","type":"product","link":"https:\/\/labhersol.com.mx\/es\/producto\/acido-fosforico-ambar-85-2\/","title":{"rendered":"\u00c1cido Fosf\u00f3rico \u00c1mbar 85%"},"content":{"rendered":"<p>\u00c1cido utilizado en la producci\u00f3n de fertilizantes, detergentes y en la industria alimentaria.<\/p>\n","protected":false},"excerpt":{"rendered":"<p>\u00c1cido utilizado en la producci\u00f3n de fertilizantes, detergentes y en la industria alimentaria.<\/p>\n","protected":false},"featured_media":0,"template":"","meta":{"powered_cache_disable_cache":false},"product_brand":[],"product_cat":[69],"product_tag":[],"class_list":{"0":"post-5014","1":"product","2":"type-product","3":"status-publish","5":"product_cat-agroquimicos","7":"first","8":"instock","9":"shipping-taxable","10":"product-type-simple"},"_links":{"self":[{"href":"https:\/\/labhersol.com.mx\/es\/wp-json\/wp\/v2\/product\/5014","targetHints":{"allow":["GET"]}}],"collection":[{"href":"https:\/\/labhersol.com.mx\/es\/wp-json\/wp\/v2\/product"}],"about":[{"href":"https:\/\/labhersol.com.mx\/es\/wp-json\/wp\/v2\/types\/product"}],"wp:attachment":[{"href":"https:\/\/labhersol.com.mx\/es\/wp-json\/wp\/v2\/media?parent=5014"}],"wp:term":[{"taxonomy":"product_brand","embeddable":true,"href":"https:\/\/labhersol.com.mx\/es\/wp-json\/wp\/v2\/product_brand?post=5014"},{"taxonomy":"product_cat","embeddable":true,"href":"https:\/\/labhersol.com.mx\/es\/wp-json\/wp\/v2\/product_cat?post=5014"},{"taxonomy":"product_tag","embeddable":true,"href":"https:\/\/labhersol.com.mx\/es\/wp-json\/wp\/v2\/product_tag?post=5014"}],"curies":[{"name":"wp","href":"https:\/\/api.w.org\/{rel}","templated":true}]}}