{"id":5013,"date":"2025-01-30T20:08:34","date_gmt":"2025-01-30T20:08:34","guid":{"rendered":"https:\/\/labhersol.com.mx\/?product=acido-formico-85-2"},"modified":"2025-01-30T20:08:34","modified_gmt":"2025-01-30T20:08:34","slug":"acido-formico-85-2","status":"publish","type":"product","link":"https:\/\/labhersol.com.mx\/es\/producto\/acido-formico-85-2\/","title":{"rendered":"\u00c1cido F\u00f3rmico 85%"},"content":{"rendered":"<p>\u00c1cido utilizado como conservante, en la producci\u00f3n de productos qu\u00edmicos y en tratamiento de cuero.<\/p>\n","protected":false},"excerpt":{"rendered":"<p>\u00c1cido utilizado como conservante, en la producci\u00f3n de productos qu\u00edmicos y en tratamiento de cuero.<\/p>\n","protected":false},"featured_media":0,"template":"","meta":{"powered_cache_disable_cache":false},"product_brand":[],"product_cat":[69],"product_tag":[],"class_list":{"0":"post-5013","1":"product","2":"type-product","3":"status-publish","5":"product_cat-agroquimicos","7":"first","8":"instock","9":"shipping-taxable","10":"product-type-simple"},"_links":{"self":[{"href":"https:\/\/labhersol.com.mx\/es\/wp-json\/wp\/v2\/product\/5013","targetHints":{"allow":["GET"]}}],"collection":[{"href":"https:\/\/labhersol.com.mx\/es\/wp-json\/wp\/v2\/product"}],"about":[{"href":"https:\/\/labhersol.com.mx\/es\/wp-json\/wp\/v2\/types\/product"}],"wp:attachment":[{"href":"https:\/\/labhersol.com.mx\/es\/wp-json\/wp\/v2\/media?parent=5013"}],"wp:term":[{"taxonomy":"product_brand","embeddable":true,"href":"https:\/\/labhersol.com.mx\/es\/wp-json\/wp\/v2\/product_brand?post=5013"},{"taxonomy":"product_cat","embeddable":true,"href":"https:\/\/labhersol.com.mx\/es\/wp-json\/wp\/v2\/product_cat?post=5013"},{"taxonomy":"product_tag","embeddable":true,"href":"https:\/\/labhersol.com.mx\/es\/wp-json\/wp\/v2\/product_tag?post=5013"}],"curies":[{"name":"wp","href":"https:\/\/api.w.org\/{rel}","templated":true}]}}