{"id":5008,"date":"2025-01-30T20:08:33","date_gmt":"2025-01-30T20:08:33","guid":{"rendered":"https:\/\/labhersol.com.mx\/?product=acido-para-baterias-granel"},"modified":"2025-01-30T20:08:33","modified_gmt":"2025-01-30T20:08:33","slug":"acido-para-baterias-granel","status":"publish","type":"product","link":"https:\/\/labhersol.com.mx\/es\/producto\/acido-para-baterias-granel\/","title":{"rendered":"\u00c1cido para bater\u00edas (granel)"},"content":{"rendered":"<p>\u00c1cido sulf\u00farico diluido utilizado en bater\u00edas de plomo-\u00e1cido. Es un electrolito esencial para las bater\u00edas recargables.<\/p>\n","protected":false},"excerpt":{"rendered":"<p>\u00c1cido sulf\u00farico diluido utilizado en bater\u00edas de plomo-\u00e1cido. Es un electrolito esencial para las bater\u00edas recargables.<\/p>\n","protected":false},"featured_media":0,"template":"","meta":{"powered_cache_disable_cache":false},"product_brand":[],"product_cat":[68],"product_tag":[],"class_list":{"0":"post-5008","1":"product","2":"type-product","3":"status-publish","5":"product_cat-limpieza-automotriz","7":"first","8":"instock","9":"shipping-taxable","10":"product-type-simple"},"_links":{"self":[{"href":"https:\/\/labhersol.com.mx\/es\/wp-json\/wp\/v2\/product\/5008","targetHints":{"allow":["GET"]}}],"collection":[{"href":"https:\/\/labhersol.com.mx\/es\/wp-json\/wp\/v2\/product"}],"about":[{"href":"https:\/\/labhersol.com.mx\/es\/wp-json\/wp\/v2\/types\/product"}],"wp:attachment":[{"href":"https:\/\/labhersol.com.mx\/es\/wp-json\/wp\/v2\/media?parent=5008"}],"wp:term":[{"taxonomy":"product_brand","embeddable":true,"href":"https:\/\/labhersol.com.mx\/es\/wp-json\/wp\/v2\/product_brand?post=5008"},{"taxonomy":"product_cat","embeddable":true,"href":"https:\/\/labhersol.com.mx\/es\/wp-json\/wp\/v2\/product_cat?post=5008"},{"taxonomy":"product_tag","embeddable":true,"href":"https:\/\/labhersol.com.mx\/es\/wp-json\/wp\/v2\/product_tag?post=5008"}],"curies":[{"name":"wp","href":"https:\/\/api.w.org\/{rel}","templated":true}]}}