{"id":5007,"date":"2025-01-30T20:08:33","date_gmt":"2025-01-30T20:08:33","guid":{"rendered":"https:\/\/labhersol.com.mx\/?product=anticongelante"},"modified":"2025-01-30T20:08:33","modified_gmt":"2025-01-30T20:08:33","slug":"anticongelante","status":"publish","type":"product","link":"https:\/\/labhersol.com.mx\/es\/producto\/anticongelante\/","title":{"rendered":"Anticongelante"},"content":{"rendered":"<p>L\u00edquido utilizado en sistemas de refrigeraci\u00f3n de veh\u00edculos para prevenir la congelaci\u00f3n del agua en climas fr\u00edos y mantener la temperatura del motor. (VERDE, ROSA Y AMARILLO)<\/p>\n","protected":false},"excerpt":{"rendered":"<p>L\u00edquido utilizado en sistemas de refrigeraci\u00f3n de veh\u00edculos para prevenir la congelaci\u00f3n del agua en climas fr\u00edos y mantener la temperatura del motor. (VERDE, ROSA Y AMARILLO)<\/p>\n","protected":false},"featured_media":0,"template":"","meta":{"powered_cache_disable_cache":false},"product_brand":[],"product_cat":[68],"product_tag":[],"class_list":{"0":"post-5007","1":"product","2":"type-product","3":"status-publish","5":"product_cat-limpieza-automotriz","7":"first","8":"instock","9":"shipping-taxable","10":"product-type-simple"},"_links":{"self":[{"href":"https:\/\/labhersol.com.mx\/es\/wp-json\/wp\/v2\/product\/5007","targetHints":{"allow":["GET"]}}],"collection":[{"href":"https:\/\/labhersol.com.mx\/es\/wp-json\/wp\/v2\/product"}],"about":[{"href":"https:\/\/labhersol.com.mx\/es\/wp-json\/wp\/v2\/types\/product"}],"wp:attachment":[{"href":"https:\/\/labhersol.com.mx\/es\/wp-json\/wp\/v2\/media?parent=5007"}],"wp:term":[{"taxonomy":"product_brand","embeddable":true,"href":"https:\/\/labhersol.com.mx\/es\/wp-json\/wp\/v2\/product_brand?post=5007"},{"taxonomy":"product_cat","embeddable":true,"href":"https:\/\/labhersol.com.mx\/es\/wp-json\/wp\/v2\/product_cat?post=5007"},{"taxonomy":"product_tag","embeddable":true,"href":"https:\/\/labhersol.com.mx\/es\/wp-json\/wp\/v2\/product_tag?post=5007"}],"curies":[{"name":"wp","href":"https:\/\/api.w.org\/{rel}","templated":true}]}}