{"id":5004,"date":"2025-01-30T20:08:30","date_gmt":"2025-01-30T20:08:30","guid":{"rendered":"https:\/\/labhersol.com.mx\/?product=abrillantador-de-llantas-llantabril-d-5"},"modified":"2025-01-30T20:08:30","modified_gmt":"2025-01-30T20:08:30","slug":"abrillantador-de-llantas-llantabril-d-5","status":"publish","type":"product","link":"https:\/\/labhersol.com.mx\/es\/producto\/abrillantador-de-llantas-llantabril-d-5\/","title":{"rendered":"Abrillantador de llantas Llantabril D &#8211; 5"},"content":{"rendered":"<p>Producto espec\u00edfico utilizado para la limpieza y protecci\u00f3n de llantas de veh\u00edculos, prolongando su vida \u00fatil y d\u00e1ndoles un acabado brillante.<\/p>\n","protected":false},"excerpt":{"rendered":"<p>Producto espec\u00edfico utilizado para la limpieza y protecci\u00f3n de llantas de veh\u00edculos, prolongando su vida \u00fatil y d\u00e1ndoles un acabado brillante.<\/p>\n","protected":false},"featured_media":0,"template":"","meta":{"powered_cache_disable_cache":false},"product_brand":[],"product_cat":[68],"product_tag":[],"class_list":{"0":"post-5004","1":"product","2":"type-product","3":"status-publish","5":"product_cat-limpieza-automotriz","7":"first","8":"instock","9":"shipping-taxable","10":"product-type-simple"},"_links":{"self":[{"href":"https:\/\/labhersol.com.mx\/es\/wp-json\/wp\/v2\/product\/5004","targetHints":{"allow":["GET"]}}],"collection":[{"href":"https:\/\/labhersol.com.mx\/es\/wp-json\/wp\/v2\/product"}],"about":[{"href":"https:\/\/labhersol.com.mx\/es\/wp-json\/wp\/v2\/types\/product"}],"wp:attachment":[{"href":"https:\/\/labhersol.com.mx\/es\/wp-json\/wp\/v2\/media?parent=5004"}],"wp:term":[{"taxonomy":"product_brand","embeddable":true,"href":"https:\/\/labhersol.com.mx\/es\/wp-json\/wp\/v2\/product_brand?post=5004"},{"taxonomy":"product_cat","embeddable":true,"href":"https:\/\/labhersol.com.mx\/es\/wp-json\/wp\/v2\/product_cat?post=5004"},{"taxonomy":"product_tag","embeddable":true,"href":"https:\/\/labhersol.com.mx\/es\/wp-json\/wp\/v2\/product_tag?post=5004"}],"curies":[{"name":"wp","href":"https:\/\/api.w.org\/{rel}","templated":true}]}}