{"id":5002,"date":"2025-01-30T20:08:30","date_gmt":"2025-01-30T20:08:30","guid":{"rendered":"https:\/\/labhersol.com.mx\/?product=shampoo-para-autos"},"modified":"2025-01-30T20:08:30","modified_gmt":"2025-01-30T20:08:30","slug":"shampoo-para-autos","status":"publish","type":"product","link":"https:\/\/labhersol.com.mx\/es\/producto\/shampoo-para-autos\/","title":{"rendered":"Shampoo para Autos"},"content":{"rendered":"<p>Producto usado para la limpieza de la carrocer\u00eda de los veh\u00edculos, eliminando polvo y suciedad con propiedades que no da\u00f1an la pintura.<\/p>\n","protected":false},"excerpt":{"rendered":"<p>Producto usado para la limpieza de la carrocer\u00eda de los veh\u00edculos, eliminando polvo y suciedad con propiedades que no da\u00f1an la pintura.<\/p>\n","protected":false},"featured_media":0,"template":"","meta":{"powered_cache_disable_cache":false},"product_brand":[],"product_cat":[68],"product_tag":[],"class_list":{"0":"post-5002","1":"product","2":"type-product","3":"status-publish","5":"product_cat-limpieza-automotriz","7":"first","8":"instock","9":"shipping-taxable","10":"product-type-simple"},"_links":{"self":[{"href":"https:\/\/labhersol.com.mx\/es\/wp-json\/wp\/v2\/product\/5002","targetHints":{"allow":["GET"]}}],"collection":[{"href":"https:\/\/labhersol.com.mx\/es\/wp-json\/wp\/v2\/product"}],"about":[{"href":"https:\/\/labhersol.com.mx\/es\/wp-json\/wp\/v2\/types\/product"}],"wp:attachment":[{"href":"https:\/\/labhersol.com.mx\/es\/wp-json\/wp\/v2\/media?parent=5002"}],"wp:term":[{"taxonomy":"product_brand","embeddable":true,"href":"https:\/\/labhersol.com.mx\/es\/wp-json\/wp\/v2\/product_brand?post=5002"},{"taxonomy":"product_cat","embeddable":true,"href":"https:\/\/labhersol.com.mx\/es\/wp-json\/wp\/v2\/product_cat?post=5002"},{"taxonomy":"product_tag","embeddable":true,"href":"https:\/\/labhersol.com.mx\/es\/wp-json\/wp\/v2\/product_tag?post=5002"}],"curies":[{"name":"wp","href":"https:\/\/api.w.org\/{rel}","templated":true}]}}