{"id":4991,"date":"2025-01-30T20:08:27","date_gmt":"2025-01-30T20:08:27","guid":{"rendered":"https:\/\/labhersol.com.mx\/?product=jabon-acido"},"modified":"2025-01-30T20:08:27","modified_gmt":"2025-01-30T20:08:27","slug":"jabon-acido","status":"publish","type":"product","link":"https:\/\/labhersol.com.mx\/es\/producto\/jabon-acido\/","title":{"rendered":"Jab\u00f3n \u00c1cido"},"content":{"rendered":"<p>Jab\u00f3n utilizado en industrias para la limpieza de superficies y materiales con base \u00e1cida, como la eliminaci\u00f3n de manchas de \u00f3xido o residuos industriales.<\/p>\n","protected":false},"excerpt":{"rendered":"<p>Jab\u00f3n utilizado en industrias para la limpieza de superficies y materiales con base \u00e1cida, como la eliminaci\u00f3n de manchas de \u00f3xido o residuos industriales.<\/p>\n","protected":false},"featured_media":0,"template":"","meta":{"powered_cache_disable_cache":false},"product_brand":[],"product_cat":[67],"product_tag":[],"class_list":{"0":"post-4991","1":"product","2":"type-product","3":"status-publish","5":"product_cat-industrial","7":"first","8":"instock","9":"shipping-taxable","10":"product-type-simple"},"_links":{"self":[{"href":"https:\/\/labhersol.com.mx\/es\/wp-json\/wp\/v2\/product\/4991","targetHints":{"allow":["GET"]}}],"collection":[{"href":"https:\/\/labhersol.com.mx\/es\/wp-json\/wp\/v2\/product"}],"about":[{"href":"https:\/\/labhersol.com.mx\/es\/wp-json\/wp\/v2\/types\/product"}],"wp:attachment":[{"href":"https:\/\/labhersol.com.mx\/es\/wp-json\/wp\/v2\/media?parent=4991"}],"wp:term":[{"taxonomy":"product_brand","embeddable":true,"href":"https:\/\/labhersol.com.mx\/es\/wp-json\/wp\/v2\/product_brand?post=4991"},{"taxonomy":"product_cat","embeddable":true,"href":"https:\/\/labhersol.com.mx\/es\/wp-json\/wp\/v2\/product_cat?post=4991"},{"taxonomy":"product_tag","embeddable":true,"href":"https:\/\/labhersol.com.mx\/es\/wp-json\/wp\/v2\/product_tag?post=4991"}],"curies":[{"name":"wp","href":"https:\/\/api.w.org\/{rel}","templated":true}]}}