{"id":4984,"date":"2025-01-30T20:08:23","date_gmt":"2025-01-30T20:08:23","guid":{"rendered":"https:\/\/labhersol.com.mx\/?product=dielectrico"},"modified":"2025-02-24T23:17:49","modified_gmt":"2025-02-25T05:17:49","slug":"dielectrico","status":"publish","type":"product","link":"https:\/\/labhersol.com.mx\/es\/producto\/dielectrico\/","title":{"rendered":"Dielectrico"},"content":{"rendered":"<p>L\u00edquido aislante utilizado en equipos el\u00e9ctricos para prevenir cortocircuitos y permitir el funcionamiento seguro de componentes electr\u00f3nicos.<\/p>\n","protected":false},"excerpt":{"rendered":"<p>L\u00edquido aislante utilizado en equipos el\u00e9ctricos para prevenir cortocircuitos y permitir el funcionamiento seguro de componentes electr\u00f3nicos.<\/p>\n","protected":false},"featured_media":0,"template":"","meta":{"powered_cache_disable_cache":false},"product_brand":[],"product_cat":[67],"product_tag":[],"class_list":{"0":"post-4984","1":"product","2":"type-product","3":"status-publish","5":"product_cat-industrial","7":"first","8":"instock","9":"shipping-taxable","10":"product-type-simple"},"_links":{"self":[{"href":"https:\/\/labhersol.com.mx\/es\/wp-json\/wp\/v2\/product\/4984","targetHints":{"allow":["GET"]}}],"collection":[{"href":"https:\/\/labhersol.com.mx\/es\/wp-json\/wp\/v2\/product"}],"about":[{"href":"https:\/\/labhersol.com.mx\/es\/wp-json\/wp\/v2\/types\/product"}],"wp:attachment":[{"href":"https:\/\/labhersol.com.mx\/es\/wp-json\/wp\/v2\/media?parent=4984"}],"wp:term":[{"taxonomy":"product_brand","embeddable":true,"href":"https:\/\/labhersol.com.mx\/es\/wp-json\/wp\/v2\/product_brand?post=4984"},{"taxonomy":"product_cat","embeddable":true,"href":"https:\/\/labhersol.com.mx\/es\/wp-json\/wp\/v2\/product_cat?post=4984"},{"taxonomy":"product_tag","embeddable":true,"href":"https:\/\/labhersol.com.mx\/es\/wp-json\/wp\/v2\/product_tag?post=4984"}],"curies":[{"name":"wp","href":"https:\/\/api.w.org\/{rel}","templated":true}]}}