{"id":4982,"date":"2025-01-30T20:08:23","date_gmt":"2025-01-30T20:08:23","guid":{"rendered":"https:\/\/labhersol.com.mx\/?product=decapante-aceros-inox"},"modified":"2025-01-30T20:08:23","modified_gmt":"2025-01-30T20:08:23","slug":"decapante-aceros-inox","status":"publish","type":"product","link":"https:\/\/labhersol.com.mx\/es\/producto\/decapante-aceros-inox\/","title":{"rendered":"Decapante Aceros Inox"},"content":{"rendered":"<p>Soluci\u00f3n destinada a la limpieza y desoxidaci\u00f3n de superficies de acero inoxidable, eliminando manchas, \u00f3xido y otros residuos.<\/p>\n","protected":false},"excerpt":{"rendered":"<p>Soluci\u00f3n destinada a la limpieza y desoxidaci\u00f3n de superficies de acero inoxidable, eliminando manchas, \u00f3xido y otros residuos.<\/p>\n","protected":false},"featured_media":0,"template":"","meta":{"powered_cache_disable_cache":false},"product_brand":[],"product_cat":[67],"product_tag":[],"class_list":{"0":"post-4982","1":"product","2":"type-product","3":"status-publish","5":"product_cat-industrial","7":"first","8":"instock","9":"shipping-taxable","10":"product-type-simple"},"_links":{"self":[{"href":"https:\/\/labhersol.com.mx\/es\/wp-json\/wp\/v2\/product\/4982","targetHints":{"allow":["GET"]}}],"collection":[{"href":"https:\/\/labhersol.com.mx\/es\/wp-json\/wp\/v2\/product"}],"about":[{"href":"https:\/\/labhersol.com.mx\/es\/wp-json\/wp\/v2\/types\/product"}],"wp:attachment":[{"href":"https:\/\/labhersol.com.mx\/es\/wp-json\/wp\/v2\/media?parent=4982"}],"wp:term":[{"taxonomy":"product_brand","embeddable":true,"href":"https:\/\/labhersol.com.mx\/es\/wp-json\/wp\/v2\/product_brand?post=4982"},{"taxonomy":"product_cat","embeddable":true,"href":"https:\/\/labhersol.com.mx\/es\/wp-json\/wp\/v2\/product_cat?post=4982"},{"taxonomy":"product_tag","embeddable":true,"href":"https:\/\/labhersol.com.mx\/es\/wp-json\/wp\/v2\/product_tag?post=4982"}],"curies":[{"name":"wp","href":"https:\/\/api.w.org\/{rel}","templated":true}]}}