{"id":4975,"date":"2025-01-30T20:08:21","date_gmt":"2025-01-30T20:08:21","guid":{"rendered":"https:\/\/labhersol.com.mx\/?product=hipoclorito-de-sodio-al-4"},"modified":"2025-04-07T10:25:21","modified_gmt":"2025-04-07T16:25:21","slug":"hipoclorito-de-sodio-al-4","status":"publish","type":"product","link":"https:\/\/labhersol.com.mx\/es\/producto\/hipoclorito-de-sodio-al-4\/","title":{"rendered":"Hipoclorito de Sodio al 5%"},"content":{"rendered":"<p>Soluci\u00f3n de hipoclorito de sodio al 5%, un desinfectante potente y econ\u00f3mico utilizado para la limpieza y desinfecci\u00f3n de superficies, especialmente en \u00e1reas de cocina y ba\u00f1os.<\/p>\n","protected":false},"excerpt":{"rendered":"<p>Soluci\u00f3n de hipoclorito de sodio al 4%, un desinfectante potente y econ\u00f3mico utilizado para la limpieza y desinfecci\u00f3n de superficies, especialmente en \u00e1reas de cocina y ba\u00f1os.<\/p>\n","protected":false},"featured_media":0,"template":"","meta":{"powered_cache_disable_cache":false},"product_brand":[],"product_cat":[65],"product_tag":[],"class_list":{"0":"post-4975","1":"product","2":"type-product","3":"status-publish","5":"product_cat-institucional","7":"first","8":"instock","9":"shipping-taxable","10":"product-type-simple"},"_links":{"self":[{"href":"https:\/\/labhersol.com.mx\/es\/wp-json\/wp\/v2\/product\/4975","targetHints":{"allow":["GET"]}}],"collection":[{"href":"https:\/\/labhersol.com.mx\/es\/wp-json\/wp\/v2\/product"}],"about":[{"href":"https:\/\/labhersol.com.mx\/es\/wp-json\/wp\/v2\/types\/product"}],"wp:attachment":[{"href":"https:\/\/labhersol.com.mx\/es\/wp-json\/wp\/v2\/media?parent=4975"}],"wp:term":[{"taxonomy":"product_brand","embeddable":true,"href":"https:\/\/labhersol.com.mx\/es\/wp-json\/wp\/v2\/product_brand?post=4975"},{"taxonomy":"product_cat","embeddable":true,"href":"https:\/\/labhersol.com.mx\/es\/wp-json\/wp\/v2\/product_cat?post=4975"},{"taxonomy":"product_tag","embeddable":true,"href":"https:\/\/labhersol.com.mx\/es\/wp-json\/wp\/v2\/product_tag?post=4975"}],"curies":[{"name":"wp","href":"https:\/\/api.w.org\/{rel}","templated":true}]}}