{"id":4937,"date":"2025-01-30T20:08:09","date_gmt":"2025-01-30T20:08:09","guid":{"rendered":"https:\/\/labhersol.com.mx\/?product=polietilenglicol-400"},"modified":"2025-02-25T00:49:35","modified_gmt":"2025-02-25T06:49:35","slug":"polietilenglicol-400","status":"publish","type":"product","link":"https:\/\/labhersol.com.mx\/es\/producto\/polietilenglicol-400\/","title":{"rendered":"Polietilenglicol 400"},"content":{"rendered":"<p>Compuesto utilizado como humectante y emoliente en productos cosm\u00e9ticos, farmac\u00e9uticos y en la industria qu\u00edmica.<\/p>\n","protected":false},"excerpt":{"rendered":"<p>Compuesto utilizado como humectante y emoliente en productos cosm\u00e9ticos, farmac\u00e9uticos y en la industria qu\u00edmica.<\/p>\n","protected":false},"featured_media":0,"template":"","meta":{"powered_cache_disable_cache":false},"product_brand":[],"product_cat":[62],"product_tag":[],"class_list":{"0":"post-4937","1":"product","2":"type-product","3":"status-publish","5":"product_cat-materias-primas","7":"first","8":"instock","9":"shipping-taxable","10":"product-type-simple"},"_links":{"self":[{"href":"https:\/\/labhersol.com.mx\/es\/wp-json\/wp\/v2\/product\/4937","targetHints":{"allow":["GET"]}}],"collection":[{"href":"https:\/\/labhersol.com.mx\/es\/wp-json\/wp\/v2\/product"}],"about":[{"href":"https:\/\/labhersol.com.mx\/es\/wp-json\/wp\/v2\/types\/product"}],"wp:attachment":[{"href":"https:\/\/labhersol.com.mx\/es\/wp-json\/wp\/v2\/media?parent=4937"}],"wp:term":[{"taxonomy":"product_brand","embeddable":true,"href":"https:\/\/labhersol.com.mx\/es\/wp-json\/wp\/v2\/product_brand?post=4937"},{"taxonomy":"product_cat","embeddable":true,"href":"https:\/\/labhersol.com.mx\/es\/wp-json\/wp\/v2\/product_cat?post=4937"},{"taxonomy":"product_tag","embeddable":true,"href":"https:\/\/labhersol.com.mx\/es\/wp-json\/wp\/v2\/product_tag?post=4937"}],"curies":[{"name":"wp","href":"https:\/\/api.w.org\/{rel}","templated":true}]}}