{"id":4922,"date":"2025-01-30T20:08:04","date_gmt":"2025-01-30T20:08:04","guid":{"rendered":"https:\/\/labhersol.com.mx\/?product=hexano"},"modified":"2025-01-30T20:08:04","modified_gmt":"2025-01-30T20:08:04","slug":"hexano","status":"publish","type":"product","link":"https:\/\/labhersol.com.mx\/es\/producto\/hexano\/","title":{"rendered":"Hexano"},"content":{"rendered":"<p>Solvente utilizado en la industria qu\u00edmica y cosm\u00e9tica, especialmente en la extracci\u00f3n de aceites vegetales.<\/p>\n","protected":false},"excerpt":{"rendered":"<p>Solvente utilizado en la industria qu\u00edmica y cosm\u00e9tica, especialmente en la extracci\u00f3n de aceites vegetales.<\/p>\n","protected":false},"featured_media":0,"template":"","meta":{"powered_cache_disable_cache":false},"product_brand":[],"product_cat":[62],"product_tag":[],"class_list":{"0":"post-4922","1":"product","2":"type-product","3":"status-publish","5":"product_cat-materias-primas","7":"first","8":"instock","9":"shipping-taxable","10":"product-type-simple"},"_links":{"self":[{"href":"https:\/\/labhersol.com.mx\/es\/wp-json\/wp\/v2\/product\/4922","targetHints":{"allow":["GET"]}}],"collection":[{"href":"https:\/\/labhersol.com.mx\/es\/wp-json\/wp\/v2\/product"}],"about":[{"href":"https:\/\/labhersol.com.mx\/es\/wp-json\/wp\/v2\/types\/product"}],"wp:attachment":[{"href":"https:\/\/labhersol.com.mx\/es\/wp-json\/wp\/v2\/media?parent=4922"}],"wp:term":[{"taxonomy":"product_brand","embeddable":true,"href":"https:\/\/labhersol.com.mx\/es\/wp-json\/wp\/v2\/product_brand?post=4922"},{"taxonomy":"product_cat","embeddable":true,"href":"https:\/\/labhersol.com.mx\/es\/wp-json\/wp\/v2\/product_cat?post=4922"},{"taxonomy":"product_tag","embeddable":true,"href":"https:\/\/labhersol.com.mx\/es\/wp-json\/wp\/v2\/product_tag?post=4922"}],"curies":[{"name":"wp","href":"https:\/\/api.w.org\/{rel}","templated":true}]}}