{"id":4920,"date":"2025-01-30T20:08:04","date_gmt":"2025-01-30T20:08:04","guid":{"rendered":"https:\/\/labhersol.com.mx\/?product=heptano"},"modified":"2025-01-30T20:08:04","modified_gmt":"2025-01-30T20:08:04","slug":"heptano","status":"publish","type":"product","link":"https:\/\/labhersol.com.mx\/es\/producto\/heptano\/","title":{"rendered":"Heptano"},"content":{"rendered":"<p>Hidrocarburo alif\u00e1tico utilizado como solvente en la industria qu\u00edmica, cosm\u00e9tica y farmac\u00e9utica.<\/p>\n","protected":false},"excerpt":{"rendered":"<p>Hidrocarburo alif\u00e1tico utilizado como solvente en la industria qu\u00edmica, cosm\u00e9tica y farmac\u00e9utica.<\/p>\n","protected":false},"featured_media":0,"template":"","meta":{"powered_cache_disable_cache":false},"product_brand":[],"product_cat":[62],"product_tag":[],"class_list":{"0":"post-4920","1":"product","2":"type-product","3":"status-publish","5":"product_cat-materias-primas","7":"first","8":"instock","9":"shipping-taxable","10":"product-type-simple"},"_links":{"self":[{"href":"https:\/\/labhersol.com.mx\/es\/wp-json\/wp\/v2\/product\/4920","targetHints":{"allow":["GET"]}}],"collection":[{"href":"https:\/\/labhersol.com.mx\/es\/wp-json\/wp\/v2\/product"}],"about":[{"href":"https:\/\/labhersol.com.mx\/es\/wp-json\/wp\/v2\/types\/product"}],"wp:attachment":[{"href":"https:\/\/labhersol.com.mx\/es\/wp-json\/wp\/v2\/media?parent=4920"}],"wp:term":[{"taxonomy":"product_brand","embeddable":true,"href":"https:\/\/labhersol.com.mx\/es\/wp-json\/wp\/v2\/product_brand?post=4920"},{"taxonomy":"product_cat","embeddable":true,"href":"https:\/\/labhersol.com.mx\/es\/wp-json\/wp\/v2\/product_cat?post=4920"},{"taxonomy":"product_tag","embeddable":true,"href":"https:\/\/labhersol.com.mx\/es\/wp-json\/wp\/v2\/product_tag?post=4920"}],"curies":[{"name":"wp","href":"https:\/\/api.w.org\/{rel}","templated":true}]}}