{"id":4907,"date":"2025-01-30T20:07:59","date_gmt":"2025-01-30T20:07:59","guid":{"rendered":"https:\/\/labhersol.com.mx\/?product=carboximetilcelulosa-alta-viscosidad"},"modified":"2025-04-01T15:15:07","modified_gmt":"2025-04-01T21:15:07","slug":"carboximetilcelulosa-alta-viscosidad","status":"publish","type":"product","link":"https:\/\/labhersol.com.mx\/es\/producto\/carboximetilcelulosa-alta-viscosidad\/","title":{"rendered":"Carboximetilcelulosa Alta Viscosidad"},"content":{"rendered":"<p>Utilizada como espesante en la industria alimentaria, farmac\u00e9utica y cosm\u00e9tica, tambi\u00e9n se usa como estabilizante en emulsiones.<\/p>\n","protected":false},"excerpt":{"rendered":"<p>Utilizada como espesante en la industria alimentaria, farmac\u00e9utica y cosm\u00e9tica, tambi\u00e9n se usa como estabilizante en emulsiones.<\/p>\n","protected":false},"featured_media":0,"template":"","meta":{"powered_cache_disable_cache":false},"product_brand":[],"product_cat":[62],"product_tag":[],"class_list":{"0":"post-4907","1":"product","2":"type-product","3":"status-publish","5":"product_cat-materias-primas","7":"first","8":"instock","9":"shipping-taxable","10":"product-type-simple"},"_links":{"self":[{"href":"https:\/\/labhersol.com.mx\/es\/wp-json\/wp\/v2\/product\/4907","targetHints":{"allow":["GET"]}}],"collection":[{"href":"https:\/\/labhersol.com.mx\/es\/wp-json\/wp\/v2\/product"}],"about":[{"href":"https:\/\/labhersol.com.mx\/es\/wp-json\/wp\/v2\/types\/product"}],"wp:attachment":[{"href":"https:\/\/labhersol.com.mx\/es\/wp-json\/wp\/v2\/media?parent=4907"}],"wp:term":[{"taxonomy":"product_brand","embeddable":true,"href":"https:\/\/labhersol.com.mx\/es\/wp-json\/wp\/v2\/product_brand?post=4907"},{"taxonomy":"product_cat","embeddable":true,"href":"https:\/\/labhersol.com.mx\/es\/wp-json\/wp\/v2\/product_cat?post=4907"},{"taxonomy":"product_tag","embeddable":true,"href":"https:\/\/labhersol.com.mx\/es\/wp-json\/wp\/v2\/product_tag?post=4907"}],"curies":[{"name":"wp","href":"https:\/\/api.w.org\/{rel}","templated":true}]}}