{"id":4906,"date":"2025-01-30T20:07:59","date_gmt":"2025-01-30T20:07:59","guid":{"rendered":"https:\/\/labhersol.com.mx\/?product=carbon-activado-f-200"},"modified":"2025-01-30T20:07:59","modified_gmt":"2025-01-30T20:07:59","slug":"carbon-activado-f-200","status":"publish","type":"product","link":"https:\/\/labhersol.com.mx\/es\/producto\/carbon-activado-f-200\/","title":{"rendered":"Carb\u00f3n Activado F-200"},"content":{"rendered":"<p>Carb\u00f3n activado utilizado para la filtraci\u00f3n de l\u00edquidos y gases, adem\u00e1s de ser empleado en productos cosm\u00e9ticos para eliminar impurezas.<\/p>\n","protected":false},"excerpt":{"rendered":"<p>Carb\u00f3n activado utilizado para la filtraci\u00f3n de l\u00edquidos y gases, adem\u00e1s de ser empleado en productos cosm\u00e9ticos para eliminar impurezas.<\/p>\n","protected":false},"featured_media":0,"template":"","meta":{"powered_cache_disable_cache":false},"product_brand":[],"product_cat":[62],"product_tag":[],"class_list":{"0":"post-4906","1":"product","2":"type-product","3":"status-publish","5":"product_cat-materias-primas","7":"first","8":"instock","9":"shipping-taxable","10":"product-type-simple"},"_links":{"self":[{"href":"https:\/\/labhersol.com.mx\/es\/wp-json\/wp\/v2\/product\/4906","targetHints":{"allow":["GET"]}}],"collection":[{"href":"https:\/\/labhersol.com.mx\/es\/wp-json\/wp\/v2\/product"}],"about":[{"href":"https:\/\/labhersol.com.mx\/es\/wp-json\/wp\/v2\/types\/product"}],"wp:attachment":[{"href":"https:\/\/labhersol.com.mx\/es\/wp-json\/wp\/v2\/media?parent=4906"}],"wp:term":[{"taxonomy":"product_brand","embeddable":true,"href":"https:\/\/labhersol.com.mx\/es\/wp-json\/wp\/v2\/product_brand?post=4906"},{"taxonomy":"product_cat","embeddable":true,"href":"https:\/\/labhersol.com.mx\/es\/wp-json\/wp\/v2\/product_cat?post=4906"},{"taxonomy":"product_tag","embeddable":true,"href":"https:\/\/labhersol.com.mx\/es\/wp-json\/wp\/v2\/product_tag?post=4906"}],"curies":[{"name":"wp","href":"https:\/\/api.w.org\/{rel}","templated":true}]}}