{"id":4848,"date":"2025-01-30T20:07:40","date_gmt":"2025-01-30T20:07:40","guid":{"rendered":"https:\/\/labhersol.com.mx\/?product=esencia-mandarina"},"modified":"2025-01-30T20:07:40","modified_gmt":"2025-01-30T20:07:40","slug":"esencia-mandarina","status":"publish","type":"product","link":"https:\/\/labhersol.com.mx\/es\/producto\/esencia-mandarina\/","title":{"rendered":"Esencia Mandarina"},"content":{"rendered":"<p>Fragancia c\u00edtrica fresca utilizada en productos cosm\u00e9ticos, ambientadores y perfumer\u00eda.<\/p>\n","protected":false},"excerpt":{"rendered":"<p>Fragancia c\u00edtrica fresca utilizada en productos cosm\u00e9ticos, ambientadores y perfumer\u00eda.<\/p>\n","protected":false},"featured_media":0,"template":"","meta":{"powered_cache_disable_cache":false},"product_brand":[],"product_cat":[60],"product_tag":[],"class_list":{"0":"post-4848","1":"product","2":"type-product","3":"status-publish","5":"product_cat-esencias","7":"first","8":"instock","9":"shipping-taxable","10":"product-type-simple"},"_links":{"self":[{"href":"https:\/\/labhersol.com.mx\/es\/wp-json\/wp\/v2\/product\/4848","targetHints":{"allow":["GET"]}}],"collection":[{"href":"https:\/\/labhersol.com.mx\/es\/wp-json\/wp\/v2\/product"}],"about":[{"href":"https:\/\/labhersol.com.mx\/es\/wp-json\/wp\/v2\/types\/product"}],"wp:attachment":[{"href":"https:\/\/labhersol.com.mx\/es\/wp-json\/wp\/v2\/media?parent=4848"}],"wp:term":[{"taxonomy":"product_brand","embeddable":true,"href":"https:\/\/labhersol.com.mx\/es\/wp-json\/wp\/v2\/product_brand?post=4848"},{"taxonomy":"product_cat","embeddable":true,"href":"https:\/\/labhersol.com.mx\/es\/wp-json\/wp\/v2\/product_cat?post=4848"},{"taxonomy":"product_tag","embeddable":true,"href":"https:\/\/labhersol.com.mx\/es\/wp-json\/wp\/v2\/product_tag?post=4848"}],"curies":[{"name":"wp","href":"https:\/\/api.w.org\/{rel}","templated":true}]}}