{"id":4819,"date":"2025-01-30T20:07:31","date_gmt":"2025-01-30T20:07:31","guid":{"rendered":"https:\/\/labhersol.com.mx\/?product=esencia-fantasia-citrico"},"modified":"2025-01-30T20:07:31","modified_gmt":"2025-01-30T20:07:31","slug":"esencia-fantasia-citrico","status":"publish","type":"product","link":"https:\/\/labhersol.com.mx\/es\/producto\/esencia-fantasia-citrico\/","title":{"rendered":"Esencia Fantas\u00eda C\u00edtrico"},"content":{"rendered":"<p>Perfume sint\u00e9tico con notas c\u00edtricas utilizado en la industria de la cosm\u00e9tica y aromatizantes.<\/p>\n","protected":false},"excerpt":{"rendered":"<p>Perfume sint\u00e9tico con notas c\u00edtricas utilizado en la industria de la cosm\u00e9tica y aromatizantes.<\/p>\n","protected":false},"featured_media":0,"template":"","meta":{"powered_cache_disable_cache":false},"product_brand":[],"product_cat":[60],"product_tag":[],"class_list":{"0":"post-4819","1":"product","2":"type-product","3":"status-publish","5":"product_cat-esencias","7":"first","8":"instock","9":"shipping-taxable","10":"product-type-simple"},"_links":{"self":[{"href":"https:\/\/labhersol.com.mx\/es\/wp-json\/wp\/v2\/product\/4819","targetHints":{"allow":["GET"]}}],"collection":[{"href":"https:\/\/labhersol.com.mx\/es\/wp-json\/wp\/v2\/product"}],"about":[{"href":"https:\/\/labhersol.com.mx\/es\/wp-json\/wp\/v2\/types\/product"}],"wp:attachment":[{"href":"https:\/\/labhersol.com.mx\/es\/wp-json\/wp\/v2\/media?parent=4819"}],"wp:term":[{"taxonomy":"product_brand","embeddable":true,"href":"https:\/\/labhersol.com.mx\/es\/wp-json\/wp\/v2\/product_brand?post=4819"},{"taxonomy":"product_cat","embeddable":true,"href":"https:\/\/labhersol.com.mx\/es\/wp-json\/wp\/v2\/product_cat?post=4819"},{"taxonomy":"product_tag","embeddable":true,"href":"https:\/\/labhersol.com.mx\/es\/wp-json\/wp\/v2\/product_tag?post=4819"}],"curies":[{"name":"wp","href":"https:\/\/api.w.org\/{rel}","templated":true}]}}