{"id":4818,"date":"2025-01-30T20:07:30","date_gmt":"2025-01-30T20:07:30","guid":{"rendered":"https:\/\/labhersol.com.mx\/?product=sosa-caustica-liquida-50"},"modified":"2025-04-07T11:05:48","modified_gmt":"2025-04-07T17:05:48","slug":"sosa-caustica-liquida-50","status":"publish","type":"product","link":"https:\/\/labhersol.com.mx\/es\/producto\/sosa-caustica-liquida-50\/","title":{"rendered":"Sosa C\u00e1ustica L\u00edquida 50%"},"content":{"rendered":"<p>Soluci\u00f3n acuosa de hidr\u00f3xido de sodio utilizada en la fabricaci\u00f3n de productos qu\u00edmicos y en procesos de tratamiento de aguas.<\/p>\n","protected":false},"excerpt":{"rendered":"<p>Soluci\u00f3n acuosa de hidr\u00f3xido de sodio utilizada en la fabricaci\u00f3n de productos qu\u00edmicos y en procesos de tratamiento de aguas.<\/p>\n","protected":false},"featured_media":0,"template":"","meta":{"powered_cache_disable_cache":false},"product_brand":[],"product_cat":[59],"product_tag":[],"class_list":{"0":"post-4818","1":"product","2":"type-product","3":"status-publish","5":"product_cat-bases-hidroxidos","7":"first","8":"instock","9":"shipping-taxable","10":"product-type-simple"},"_links":{"self":[{"href":"https:\/\/labhersol.com.mx\/es\/wp-json\/wp\/v2\/product\/4818","targetHints":{"allow":["GET"]}}],"collection":[{"href":"https:\/\/labhersol.com.mx\/es\/wp-json\/wp\/v2\/product"}],"about":[{"href":"https:\/\/labhersol.com.mx\/es\/wp-json\/wp\/v2\/types\/product"}],"wp:attachment":[{"href":"https:\/\/labhersol.com.mx\/es\/wp-json\/wp\/v2\/media?parent=4818"}],"wp:term":[{"taxonomy":"product_brand","embeddable":true,"href":"https:\/\/labhersol.com.mx\/es\/wp-json\/wp\/v2\/product_brand?post=4818"},{"taxonomy":"product_cat","embeddable":true,"href":"https:\/\/labhersol.com.mx\/es\/wp-json\/wp\/v2\/product_cat?post=4818"},{"taxonomy":"product_tag","embeddable":true,"href":"https:\/\/labhersol.com.mx\/es\/wp-json\/wp\/v2\/product_tag?post=4818"}],"curies":[{"name":"wp","href":"https:\/\/api.w.org\/{rel}","templated":true}]}}