{"id":4813,"date":"2025-01-30T20:07:28","date_gmt":"2025-01-30T20:07:28","guid":{"rendered":"https:\/\/labhersol.com.mx\/?product=sulfuro-de-sodio-en-escamas"},"modified":"2025-04-07T14:50:49","modified_gmt":"2025-04-07T20:50:49","slug":"sulfuro-de-sodio-en-escamas","status":"publish","type":"product","link":"https:\/\/labhersol.com.mx\/es\/producto\/sulfuro-de-sodio-en-escamas\/","title":{"rendered":"Sulfuro de Sodio en Escamas"},"content":{"rendered":"<p>Compuesto utilizado en la industria qu\u00edmica, en el tratamiento de aguas y en la fabricaci\u00f3n de productos qu\u00edmicos.<\/p>\n","protected":false},"excerpt":{"rendered":"<p>Compuesto utilizado en la industria qu\u00edmica, en el tratamiento de aguas y en la fabricaci\u00f3n de productos qu\u00edmicos.<\/p>\n","protected":false},"featured_media":0,"template":"","meta":{"powered_cache_disable_cache":false},"product_brand":[],"product_cat":[58],"product_tag":[],"class_list":{"0":"post-4813","1":"product","2":"type-product","3":"status-publish","5":"product_cat-sulfatos","7":"first","8":"instock","9":"shipping-taxable","10":"product-type-simple"},"_links":{"self":[{"href":"https:\/\/labhersol.com.mx\/es\/wp-json\/wp\/v2\/product\/4813","targetHints":{"allow":["GET"]}}],"collection":[{"href":"https:\/\/labhersol.com.mx\/es\/wp-json\/wp\/v2\/product"}],"about":[{"href":"https:\/\/labhersol.com.mx\/es\/wp-json\/wp\/v2\/types\/product"}],"wp:attachment":[{"href":"https:\/\/labhersol.com.mx\/es\/wp-json\/wp\/v2\/media?parent=4813"}],"wp:term":[{"taxonomy":"product_brand","embeddable":true,"href":"https:\/\/labhersol.com.mx\/es\/wp-json\/wp\/v2\/product_brand?post=4813"},{"taxonomy":"product_cat","embeddable":true,"href":"https:\/\/labhersol.com.mx\/es\/wp-json\/wp\/v2\/product_cat?post=4813"},{"taxonomy":"product_tag","embeddable":true,"href":"https:\/\/labhersol.com.mx\/es\/wp-json\/wp\/v2\/product_tag?post=4813"}],"curies":[{"name":"wp","href":"https:\/\/api.w.org\/{rel}","templated":true}]}}