{"id":4806,"date":"2025-01-30T20:07:27","date_gmt":"2025-01-30T20:07:27","guid":{"rendered":"https:\/\/labhersol.com.mx\/?product=sal-disodica-e-d-t-a"},"modified":"2025-02-24T23:49:12","modified_gmt":"2025-02-25T05:49:12","slug":"sal-disodica-e-d-t-a","status":"publish","type":"product","link":"https:\/\/labhersol.com.mx\/es\/producto\/sal-disodica-e-d-t-a\/","title":{"rendered":"Sal Dis\u00f3dica E.D.T.A."},"content":{"rendered":"<p>\u00c1cido etilenodiaminotetraac\u00e9tico utilizado como quelante en an\u00e1lisis qu\u00edmicos, en tratamientos de agua y en la industria cosm\u00e9tica.<\/p>\n","protected":false},"excerpt":{"rendered":"<p>\u00c1cido etilenodiaminotetraac\u00e9tico utilizado como quelante en an\u00e1lisis qu\u00edmicos, en tratamientos de agua y en la industria cosm\u00e9tica.<\/p>\n","protected":false},"featured_media":0,"template":"","meta":{"powered_cache_disable_cache":false},"product_brand":[],"product_cat":[57],"product_tag":[],"class_list":{"0":"post-4806","1":"product","2":"type-product","3":"status-publish","5":"product_cat-sales","7":"first","8":"instock","9":"shipping-taxable","10":"product-type-simple"},"_links":{"self":[{"href":"https:\/\/labhersol.com.mx\/es\/wp-json\/wp\/v2\/product\/4806","targetHints":{"allow":["GET"]}}],"collection":[{"href":"https:\/\/labhersol.com.mx\/es\/wp-json\/wp\/v2\/product"}],"about":[{"href":"https:\/\/labhersol.com.mx\/es\/wp-json\/wp\/v2\/types\/product"}],"wp:attachment":[{"href":"https:\/\/labhersol.com.mx\/es\/wp-json\/wp\/v2\/media?parent=4806"}],"wp:term":[{"taxonomy":"product_brand","embeddable":true,"href":"https:\/\/labhersol.com.mx\/es\/wp-json\/wp\/v2\/product_brand?post=4806"},{"taxonomy":"product_cat","embeddable":true,"href":"https:\/\/labhersol.com.mx\/es\/wp-json\/wp\/v2\/product_cat?post=4806"},{"taxonomy":"product_tag","embeddable":true,"href":"https:\/\/labhersol.com.mx\/es\/wp-json\/wp\/v2\/product_tag?post=4806"}],"curies":[{"name":"wp","href":"https:\/\/api.w.org\/{rel}","templated":true}]}}