{"id":4804,"date":"2025-01-30T20:07:27","date_gmt":"2025-01-30T20:07:27","guid":{"rendered":"https:\/\/labhersol.com.mx\/?product=cloruro-ferrico-en-solucion"},"modified":"2025-01-30T20:07:27","modified_gmt":"2025-01-30T20:07:27","slug":"cloruro-ferrico-en-solucion","status":"publish","type":"product","link":"https:\/\/labhersol.com.mx\/es\/producto\/cloruro-ferrico-en-solucion\/","title":{"rendered":"Cloruro F\u00e9rrico en Soluci\u00f3n"},"content":{"rendered":"<p>Compuesto utilizado en la industria del tratamiento de aguas, en la fabricaci\u00f3n de pigmentos y en procesos de galvanoplastia.<\/p>\n","protected":false},"excerpt":{"rendered":"<p>Compuesto utilizado en la industria del tratamiento de aguas, en la fabricaci\u00f3n de pigmentos y en procesos de galvanoplastia.<\/p>\n","protected":false},"featured_media":0,"template":"","meta":{"powered_cache_disable_cache":false},"product_brand":[],"product_cat":[56],"product_tag":[],"class_list":{"0":"post-4804","1":"product","2":"type-product","3":"status-publish","5":"product_cat-cloruros","7":"first","8":"instock","9":"shipping-taxable","10":"product-type-simple"},"_links":{"self":[{"href":"https:\/\/labhersol.com.mx\/es\/wp-json\/wp\/v2\/product\/4804","targetHints":{"allow":["GET"]}}],"collection":[{"href":"https:\/\/labhersol.com.mx\/es\/wp-json\/wp\/v2\/product"}],"about":[{"href":"https:\/\/labhersol.com.mx\/es\/wp-json\/wp\/v2\/types\/product"}],"wp:attachment":[{"href":"https:\/\/labhersol.com.mx\/es\/wp-json\/wp\/v2\/media?parent=4804"}],"wp:term":[{"taxonomy":"product_brand","embeddable":true,"href":"https:\/\/labhersol.com.mx\/es\/wp-json\/wp\/v2\/product_brand?post=4804"},{"taxonomy":"product_cat","embeddable":true,"href":"https:\/\/labhersol.com.mx\/es\/wp-json\/wp\/v2\/product_cat?post=4804"},{"taxonomy":"product_tag","embeddable":true,"href":"https:\/\/labhersol.com.mx\/es\/wp-json\/wp\/v2\/product_tag?post=4804"}],"curies":[{"name":"wp","href":"https:\/\/api.w.org\/{rel}","templated":true}]}}