{"id":4802,"date":"2025-01-30T20:07:26","date_gmt":"2025-01-30T20:07:26","guid":{"rendered":"https:\/\/labhersol.com.mx\/?product=cloruro-de-oro"},"modified":"2025-01-30T20:07:26","modified_gmt":"2025-01-30T20:07:26","slug":"cloruro-de-oro","status":"publish","type":"product","link":"https:\/\/labhersol.com.mx\/es\/producto\/cloruro-de-oro\/","title":{"rendered":"Cloruro de Oro"},"content":{"rendered":"<p>Compuesto utilizado en la fabricaci\u00f3n de electrodos, en joyer\u00eda y en procesos de electroqu\u00edmica.<\/p>\n","protected":false},"excerpt":{"rendered":"<p>Compuesto utilizado en la fabricaci\u00f3n de electrodos, en joyer\u00eda y en procesos de electroqu\u00edmica.<\/p>\n","protected":false},"featured_media":0,"template":"","meta":{"powered_cache_disable_cache":false},"product_brand":[],"product_cat":[56],"product_tag":[],"class_list":{"0":"post-4802","1":"product","2":"type-product","3":"status-publish","5":"product_cat-cloruros","7":"first","8":"instock","9":"shipping-taxable","10":"product-type-simple"},"_links":{"self":[{"href":"https:\/\/labhersol.com.mx\/es\/wp-json\/wp\/v2\/product\/4802","targetHints":{"allow":["GET"]}}],"collection":[{"href":"https:\/\/labhersol.com.mx\/es\/wp-json\/wp\/v2\/product"}],"about":[{"href":"https:\/\/labhersol.com.mx\/es\/wp-json\/wp\/v2\/types\/product"}],"wp:attachment":[{"href":"https:\/\/labhersol.com.mx\/es\/wp-json\/wp\/v2\/media?parent=4802"}],"wp:term":[{"taxonomy":"product_brand","embeddable":true,"href":"https:\/\/labhersol.com.mx\/es\/wp-json\/wp\/v2\/product_brand?post=4802"},{"taxonomy":"product_cat","embeddable":true,"href":"https:\/\/labhersol.com.mx\/es\/wp-json\/wp\/v2\/product_cat?post=4802"},{"taxonomy":"product_tag","embeddable":true,"href":"https:\/\/labhersol.com.mx\/es\/wp-json\/wp\/v2\/product_tag?post=4802"}],"curies":[{"name":"wp","href":"https:\/\/api.w.org\/{rel}","templated":true}]}}