{"id":4780,"date":"2025-01-30T20:07:19","date_gmt":"2025-01-30T20:07:19","guid":{"rendered":"https:\/\/labhersol.com.mx\/?product=acido-sulfurico-98"},"modified":"2025-01-30T20:07:19","modified_gmt":"2025-01-30T20:07:19","slug":"acido-sulfurico-98","status":"publish","type":"product","link":"https:\/\/labhersol.com.mx\/es\/producto\/acido-sulfurico-98\/","title":{"rendered":"\u00c1cido Sulf\u00farico 98%"},"content":{"rendered":"<p>\u00c1cido fuerte utilizado en la fabricaci\u00f3n de fertilizantes, en la industria petroqu\u00edmica y en procesos de refinaci\u00f3n.<\/p>\n","protected":false},"excerpt":{"rendered":"<p>\u00c1cido fuerte utilizado en la fabricaci\u00f3n de fertilizantes, en la industria petroqu\u00edmica y en procesos de refinaci\u00f3n.<\/p>\n","protected":false},"featured_media":0,"template":"","meta":{"powered_cache_disable_cache":false},"product_brand":[],"product_cat":[70],"product_tag":[],"class_list":{"0":"post-4780","1":"product","2":"type-product","3":"status-publish","5":"product_cat-acidos","7":"first","8":"instock","9":"shipping-taxable","10":"product-type-simple"},"_links":{"self":[{"href":"https:\/\/labhersol.com.mx\/es\/wp-json\/wp\/v2\/product\/4780","targetHints":{"allow":["GET"]}}],"collection":[{"href":"https:\/\/labhersol.com.mx\/es\/wp-json\/wp\/v2\/product"}],"about":[{"href":"https:\/\/labhersol.com.mx\/es\/wp-json\/wp\/v2\/types\/product"}],"wp:attachment":[{"href":"https:\/\/labhersol.com.mx\/es\/wp-json\/wp\/v2\/media?parent=4780"}],"wp:term":[{"taxonomy":"product_brand","embeddable":true,"href":"https:\/\/labhersol.com.mx\/es\/wp-json\/wp\/v2\/product_brand?post=4780"},{"taxonomy":"product_cat","embeddable":true,"href":"https:\/\/labhersol.com.mx\/es\/wp-json\/wp\/v2\/product_cat?post=4780"},{"taxonomy":"product_tag","embeddable":true,"href":"https:\/\/labhersol.com.mx\/es\/wp-json\/wp\/v2\/product_tag?post=4780"}],"curies":[{"name":"wp","href":"https:\/\/api.w.org\/{rel}","templated":true}]}}