{"id":5025,"date":"2025-01-30T20:08:37","date_gmt":"2025-01-30T20:08:37","guid":{"rendered":"https:\/\/labhersol.com.mx\/?product=glicerina-2"},"modified":"2025-04-07T13:16:35","modified_gmt":"2025-04-07T19:16:35","slug":"glicerina-2","status":"publish","type":"product","link":"https:\/\/labhersol.com.mx\/en\/product\/glicerina-2\/","title":{"rendered":"Glicerina"},"content":{"rendered":"<p>L\u00edquido espeso utilizado como humectante en productos cosm\u00e9ticos, farmac\u00e9uticos y alimentarios.<\/p>","protected":false},"excerpt":{"rendered":"<p>L\u00edquido espeso utilizado como humectante en productos cosm\u00e9ticos, farmac\u00e9uticos y alimentarios.<\/p>","protected":false},"featured_media":0,"template":"","meta":{"powered_cache_disable_cache":false},"product_brand":[],"product_cat":[69],"product_tag":[],"class_list":{"0":"post-5025","1":"product","2":"type-product","3":"status-publish","5":"product_cat-agroquimicos","7":"first","8":"instock","9":"shipping-taxable","10":"product-type-simple"},"_links":{"self":[{"href":"https:\/\/labhersol.com.mx\/en\/wp-json\/wp\/v2\/product\/5025","targetHints":{"allow":["GET"]}}],"collection":[{"href":"https:\/\/labhersol.com.mx\/en\/wp-json\/wp\/v2\/product"}],"about":[{"href":"https:\/\/labhersol.com.mx\/en\/wp-json\/wp\/v2\/types\/product"}],"wp:attachment":[{"href":"https:\/\/labhersol.com.mx\/en\/wp-json\/wp\/v2\/media?parent=5025"}],"wp:term":[{"taxonomy":"product_brand","embeddable":true,"href":"https:\/\/labhersol.com.mx\/en\/wp-json\/wp\/v2\/product_brand?post=5025"},{"taxonomy":"product_cat","embeddable":true,"href":"https:\/\/labhersol.com.mx\/en\/wp-json\/wp\/v2\/product_cat?post=5025"},{"taxonomy":"product_tag","embeddable":true,"href":"https:\/\/labhersol.com.mx\/en\/wp-json\/wp\/v2\/product_tag?post=5025"}],"curies":[{"name":"wp","href":"https:\/\/api.w.org\/{rel}","templated":true}]}}