{"id":5023,"date":"2025-01-30T20:08:36","date_gmt":"2025-01-30T20:08:36","guid":{"rendered":"https:\/\/labhersol.com.mx\/?product=agua-destilada-2"},"modified":"2025-04-01T14:46:12","modified_gmt":"2025-04-01T20:46:12","slug":"agua-destilada-2","status":"publish","type":"product","link":"https:\/\/labhersol.com.mx\/en\/product\/agua-destilada-2\/","title":{"rendered":"Agua Destilada"},"content":{"rendered":"<p>Agua purificada mediante el proceso de destilaci\u00f3n, utilizada en la fabricaci\u00f3n de productos cosm\u00e9ticos y farmac\u00e9uticos.<\/p>","protected":false},"excerpt":{"rendered":"<p>Agua purificada mediante el proceso de destilaci\u00f3n, utilizada en la fabricaci\u00f3n de productos cosm\u00e9ticos y farmac\u00e9uticos.<\/p>","protected":false},"featured_media":0,"template":"","meta":{"powered_cache_disable_cache":false},"product_brand":[],"product_cat":[69],"product_tag":[],"class_list":{"0":"post-5023","1":"product","2":"type-product","3":"status-publish","5":"product_cat-agroquimicos","7":"first","8":"instock","9":"shipping-taxable","10":"product-type-simple"},"_links":{"self":[{"href":"https:\/\/labhersol.com.mx\/en\/wp-json\/wp\/v2\/product\/5023","targetHints":{"allow":["GET"]}}],"collection":[{"href":"https:\/\/labhersol.com.mx\/en\/wp-json\/wp\/v2\/product"}],"about":[{"href":"https:\/\/labhersol.com.mx\/en\/wp-json\/wp\/v2\/types\/product"}],"wp:attachment":[{"href":"https:\/\/labhersol.com.mx\/en\/wp-json\/wp\/v2\/media?parent=5023"}],"wp:term":[{"taxonomy":"product_brand","embeddable":true,"href":"https:\/\/labhersol.com.mx\/en\/wp-json\/wp\/v2\/product_brand?post=5023"},{"taxonomy":"product_cat","embeddable":true,"href":"https:\/\/labhersol.com.mx\/en\/wp-json\/wp\/v2\/product_cat?post=5023"},{"taxonomy":"product_tag","embeddable":true,"href":"https:\/\/labhersol.com.mx\/en\/wp-json\/wp\/v2\/product_tag?post=5023"}],"curies":[{"name":"wp","href":"https:\/\/api.w.org\/{rel}","templated":true}]}}