{"id":5010,"date":"2025-01-30T20:08:33","date_gmt":"2025-01-30T20:08:33","guid":{"rendered":"https:\/\/labhersol.com.mx\/?product=acido-acetico-glacial-99-2"},"modified":"2025-02-24T23:26:30","modified_gmt":"2025-02-25T05:26:30","slug":"acido-acetico-glacial-99-2","status":"publish","type":"product","link":"https:\/\/labhersol.com.mx\/en\/product\/acido-acetico-glacial-99-2\/","title":{"rendered":"\u00c1cido Ac\u00e9tico Glacial 99%"},"content":{"rendered":"<p>\u00c1cido fuerte utilizado como disolvente, en la fabricaci\u00f3n de vinagre y en s\u00edntesis qu\u00edmicas.<\/p>","protected":false},"excerpt":{"rendered":"<p>\u00c1cido fuerte utilizado como disolvente, en la fabricaci\u00f3n de vinagre y en s\u00edntesis qu\u00edmicas.<\/p>","protected":false},"featured_media":0,"template":"","meta":{"powered_cache_disable_cache":false},"product_brand":[],"product_cat":[69],"product_tag":[],"class_list":{"0":"post-5010","1":"product","2":"type-product","3":"status-publish","5":"product_cat-agroquimicos","7":"first","8":"instock","9":"shipping-taxable","10":"product-type-simple"},"_links":{"self":[{"href":"https:\/\/labhersol.com.mx\/en\/wp-json\/wp\/v2\/product\/5010","targetHints":{"allow":["GET"]}}],"collection":[{"href":"https:\/\/labhersol.com.mx\/en\/wp-json\/wp\/v2\/product"}],"about":[{"href":"https:\/\/labhersol.com.mx\/en\/wp-json\/wp\/v2\/types\/product"}],"wp:attachment":[{"href":"https:\/\/labhersol.com.mx\/en\/wp-json\/wp\/v2\/media?parent=5010"}],"wp:term":[{"taxonomy":"product_brand","embeddable":true,"href":"https:\/\/labhersol.com.mx\/en\/wp-json\/wp\/v2\/product_brand?post=5010"},{"taxonomy":"product_cat","embeddable":true,"href":"https:\/\/labhersol.com.mx\/en\/wp-json\/wp\/v2\/product_cat?post=5010"},{"taxonomy":"product_tag","embeddable":true,"href":"https:\/\/labhersol.com.mx\/en\/wp-json\/wp\/v2\/product_tag?post=5010"}],"curies":[{"name":"wp","href":"https:\/\/api.w.org\/{rel}","templated":true}]}}