{"id":4987,"date":"2025-01-30T20:08:24","date_gmt":"2025-01-30T20:08:24","guid":{"rendered":"https:\/\/labhersol.com.mx\/?product=crema-ddesengrasante-para-mecanicos"},"modified":"2025-04-01T15:25:33","modified_gmt":"2025-04-01T21:25:33","slug":"crema-ddesengrasante-para-mecanicos","status":"publish","type":"product","link":"https:\/\/labhersol.com.mx\/en\/product\/crema-ddesengrasante-para-mecanicos\/","title":{"rendered":"Crema desengrasante para Mec\u00e1nicos"},"content":{"rendered":"<p>Crema especialmente formulada para proteger las manos de los mec\u00e1nicos, hidratando y protegiendo contra productos qu\u00edmicos y grasas industriales.<\/p>","protected":false},"excerpt":{"rendered":"<p>Crema especialmente formulada para proteger las manos de los mec\u00e1nicos, hidratando y protegiendo contra productos qu\u00edmicos y grasas industriales.<\/p>","protected":false},"featured_media":0,"template":"","meta":{"powered_cache_disable_cache":false},"product_brand":[],"product_cat":[67],"product_tag":[],"class_list":{"0":"post-4987","1":"product","2":"type-product","3":"status-publish","5":"product_cat-industrial","7":"first","8":"instock","9":"shipping-taxable","10":"product-type-simple"},"_links":{"self":[{"href":"https:\/\/labhersol.com.mx\/en\/wp-json\/wp\/v2\/product\/4987","targetHints":{"allow":["GET"]}}],"collection":[{"href":"https:\/\/labhersol.com.mx\/en\/wp-json\/wp\/v2\/product"}],"about":[{"href":"https:\/\/labhersol.com.mx\/en\/wp-json\/wp\/v2\/types\/product"}],"wp:attachment":[{"href":"https:\/\/labhersol.com.mx\/en\/wp-json\/wp\/v2\/media?parent=4987"}],"wp:term":[{"taxonomy":"product_brand","embeddable":true,"href":"https:\/\/labhersol.com.mx\/en\/wp-json\/wp\/v2\/product_brand?post=4987"},{"taxonomy":"product_cat","embeddable":true,"href":"https:\/\/labhersol.com.mx\/en\/wp-json\/wp\/v2\/product_cat?post=4987"},{"taxonomy":"product_tag","embeddable":true,"href":"https:\/\/labhersol.com.mx\/en\/wp-json\/wp\/v2\/product_tag?post=4987"}],"curies":[{"name":"wp","href":"https:\/\/api.w.org\/{rel}","templated":true}]}}