{"id":4980,"date":"2025-01-30T20:08:23","date_gmt":"2025-01-30T20:08:23","guid":{"rendered":"https:\/\/labhersol.com.mx\/?product=azul-de-metileno-solucion"},"modified":"2025-01-30T20:08:23","modified_gmt":"2025-01-30T20:08:23","slug":"azul-de-metileno-solucion","status":"publish","type":"product","link":"https:\/\/labhersol.com.mx\/en\/product\/azul-de-metileno-solucion\/","title":{"rendered":"Azul de Metileno Soluci\u00f3n"},"content":{"rendered":"<p>Compuesto utilizado en diagn\u00f3stico m\u00e9dico, qu\u00edmica y microbiolog\u00eda. Se utiliza como colorante y antis\u00e9ptico.<\/p>","protected":false},"excerpt":{"rendered":"<p>Compuesto utilizado en diagn\u00f3stico m\u00e9dico, qu\u00edmica y microbiolog\u00eda. Se utiliza como colorante y antis\u00e9ptico.<\/p>","protected":false},"featured_media":0,"template":"","meta":{"powered_cache_disable_cache":false},"product_brand":[],"product_cat":[67],"product_tag":[],"class_list":{"0":"post-4980","1":"product","2":"type-product","3":"status-publish","5":"product_cat-industrial","7":"first","8":"instock","9":"shipping-taxable","10":"product-type-simple"},"_links":{"self":[{"href":"https:\/\/labhersol.com.mx\/en\/wp-json\/wp\/v2\/product\/4980","targetHints":{"allow":["GET"]}}],"collection":[{"href":"https:\/\/labhersol.com.mx\/en\/wp-json\/wp\/v2\/product"}],"about":[{"href":"https:\/\/labhersol.com.mx\/en\/wp-json\/wp\/v2\/types\/product"}],"wp:attachment":[{"href":"https:\/\/labhersol.com.mx\/en\/wp-json\/wp\/v2\/media?parent=4980"}],"wp:term":[{"taxonomy":"product_brand","embeddable":true,"href":"https:\/\/labhersol.com.mx\/en\/wp-json\/wp\/v2\/product_brand?post=4980"},{"taxonomy":"product_cat","embeddable":true,"href":"https:\/\/labhersol.com.mx\/en\/wp-json\/wp\/v2\/product_cat?post=4980"},{"taxonomy":"product_tag","embeddable":true,"href":"https:\/\/labhersol.com.mx\/en\/wp-json\/wp\/v2\/product_tag?post=4980"}],"curies":[{"name":"wp","href":"https:\/\/api.w.org\/{rel}","templated":true}]}}