{"id":4978,"date":"2025-01-30T20:08:22","date_gmt":"2025-01-30T20:08:22","guid":{"rendered":"https:\/\/labhersol.com.mx\/?product=aflojatodo"},"modified":"2025-01-30T20:08:22","modified_gmt":"2025-01-30T20:08:22","slug":"aflojatodo","status":"publish","type":"product","link":"https:\/\/labhersol.com.mx\/en\/product\/aflojatodo\/","title":{"rendered":"Aflojatodo"},"content":{"rendered":"<p>L\u00edquido multiusos para aflojar tornillos oxidados y piezas atascadas. Lubrica y penetra, facilitando la disoluci\u00f3n de la corrosi\u00f3n.<\/p>","protected":false},"excerpt":{"rendered":"<p>L\u00edquido multiusos para aflojar tornillos oxidados y piezas atascadas. Lubrica y penetra, facilitando la disoluci\u00f3n de la corrosi\u00f3n.<\/p>","protected":false},"featured_media":0,"template":"","meta":{"powered_cache_disable_cache":false},"product_brand":[],"product_cat":[67],"product_tag":[],"class_list":{"0":"post-4978","1":"product","2":"type-product","3":"status-publish","5":"product_cat-industrial","7":"first","8":"instock","9":"shipping-taxable","10":"product-type-simple"},"_links":{"self":[{"href":"https:\/\/labhersol.com.mx\/en\/wp-json\/wp\/v2\/product\/4978","targetHints":{"allow":["GET"]}}],"collection":[{"href":"https:\/\/labhersol.com.mx\/en\/wp-json\/wp\/v2\/product"}],"about":[{"href":"https:\/\/labhersol.com.mx\/en\/wp-json\/wp\/v2\/types\/product"}],"wp:attachment":[{"href":"https:\/\/labhersol.com.mx\/en\/wp-json\/wp\/v2\/media?parent=4978"}],"wp:term":[{"taxonomy":"product_brand","embeddable":true,"href":"https:\/\/labhersol.com.mx\/en\/wp-json\/wp\/v2\/product_brand?post=4978"},{"taxonomy":"product_cat","embeddable":true,"href":"https:\/\/labhersol.com.mx\/en\/wp-json\/wp\/v2\/product_cat?post=4978"},{"taxonomy":"product_tag","embeddable":true,"href":"https:\/\/labhersol.com.mx\/en\/wp-json\/wp\/v2\/product_tag?post=4978"}],"curies":[{"name":"wp","href":"https:\/\/api.w.org\/{rel}","templated":true}]}}