{"id":4974,"date":"2025-01-30T20:08:20","date_gmt":"2025-01-30T20:08:20","guid":{"rendered":"https:\/\/labhersol.com.mx\/?product=sosa-caustica-liquida-25"},"modified":"2025-02-24T23:44:24","modified_gmt":"2025-02-25T05:44:24","slug":"sosa-caustica-liquida-25","status":"publish","type":"product","link":"https:\/\/labhersol.com.mx\/en\/product\/sosa-caustica-liquida-25\/","title":{"rendered":"Sosa C\u00e1ustica L\u00edquida 25%"},"content":{"rendered":"<p>Soluci\u00f3n de hidr\u00f3xido de sodio al 25%, altamente efectiva como desengrasante y limpiador industrial. Se utiliza para la limpieza de grasas y aceites en diversos procesos.<\/p>","protected":false},"excerpt":{"rendered":"<p>Soluci\u00f3n de hidr\u00f3xido de sodio al 25%, altamente efectiva como desengrasante y limpiador industrial. Se utiliza para la limpieza de grasas y aceites en diversos procesos.<\/p>","protected":false},"featured_media":0,"template":"","meta":{"powered_cache_disable_cache":false},"product_brand":[],"product_cat":[65],"product_tag":[],"class_list":{"0":"post-4974","1":"product","2":"type-product","3":"status-publish","5":"product_cat-institucional","7":"first","8":"instock","9":"shipping-taxable","10":"product-type-simple"},"_links":{"self":[{"href":"https:\/\/labhersol.com.mx\/en\/wp-json\/wp\/v2\/product\/4974","targetHints":{"allow":["GET"]}}],"collection":[{"href":"https:\/\/labhersol.com.mx\/en\/wp-json\/wp\/v2\/product"}],"about":[{"href":"https:\/\/labhersol.com.mx\/en\/wp-json\/wp\/v2\/types\/product"}],"wp:attachment":[{"href":"https:\/\/labhersol.com.mx\/en\/wp-json\/wp\/v2\/media?parent=4974"}],"wp:term":[{"taxonomy":"product_brand","embeddable":true,"href":"https:\/\/labhersol.com.mx\/en\/wp-json\/wp\/v2\/product_brand?post=4974"},{"taxonomy":"product_cat","embeddable":true,"href":"https:\/\/labhersol.com.mx\/en\/wp-json\/wp\/v2\/product_cat?post=4974"},{"taxonomy":"product_tag","embeddable":true,"href":"https:\/\/labhersol.com.mx\/en\/wp-json\/wp\/v2\/product_tag?post=4974"}],"curies":[{"name":"wp","href":"https:\/\/api.w.org\/{rel}","templated":true}]}}