{"id":4969,"date":"2025-01-30T20:08:19","date_gmt":"2025-01-30T20:08:19","guid":{"rendered":"https:\/\/labhersol.com.mx\/?product=limpiador-de-moops"},"modified":"2025-01-30T20:08:19","modified_gmt":"2025-01-30T20:08:19","slug":"limpiador-de-moops","status":"publish","type":"product","link":"https:\/\/labhersol.com.mx\/en\/product\/limpiador-de-moops\/","title":{"rendered":"Limpiador de Moops"},"content":{"rendered":"<p>Limpiador especializado en eliminar manchas de moho y hongos. Ideal para usar en ba\u00f1os, cocinas y otras \u00e1reas h\u00famedas, previniendo la proliferaci\u00f3n de microorganismos.<\/p>","protected":false},"excerpt":{"rendered":"<p>Limpiador especializado en eliminar manchas de moho y hongos. Ideal para usar en ba\u00f1os, cocinas y otras \u00e1reas h\u00famedas, previniendo la proliferaci\u00f3n de microorganismos.<\/p>","protected":false},"featured_media":0,"template":"","meta":{"powered_cache_disable_cache":false},"product_brand":[],"product_cat":[64],"product_tag":[],"class_list":{"0":"post-4969","1":"product","2":"type-product","3":"status-publish","5":"product_cat-limpieza-del-hogar","7":"first","8":"instock","9":"shipping-taxable","10":"product-type-simple"},"_links":{"self":[{"href":"https:\/\/labhersol.com.mx\/en\/wp-json\/wp\/v2\/product\/4969","targetHints":{"allow":["GET"]}}],"collection":[{"href":"https:\/\/labhersol.com.mx\/en\/wp-json\/wp\/v2\/product"}],"about":[{"href":"https:\/\/labhersol.com.mx\/en\/wp-json\/wp\/v2\/types\/product"}],"wp:attachment":[{"href":"https:\/\/labhersol.com.mx\/en\/wp-json\/wp\/v2\/media?parent=4969"}],"wp:term":[{"taxonomy":"product_brand","embeddable":true,"href":"https:\/\/labhersol.com.mx\/en\/wp-json\/wp\/v2\/product_brand?post=4969"},{"taxonomy":"product_cat","embeddable":true,"href":"https:\/\/labhersol.com.mx\/en\/wp-json\/wp\/v2\/product_cat?post=4969"},{"taxonomy":"product_tag","embeddable":true,"href":"https:\/\/labhersol.com.mx\/en\/wp-json\/wp\/v2\/product_tag?post=4969"}],"curies":[{"name":"wp","href":"https:\/\/api.w.org\/{rel}","templated":true}]}}