{"id":4958,"date":"2025-01-30T20:08:16","date_gmt":"2025-01-30T20:08:16","guid":{"rendered":"https:\/\/labhersol.com.mx\/?product=jabon-sanitizante-manzana"},"modified":"2025-04-07T13:54:22","modified_gmt":"2025-04-07T19:54:22","slug":"jabon-sanitizante-manzana","status":"publish","type":"product","link":"https:\/\/labhersol.com.mx\/en\/product\/jabon-sanitizante-manzana\/","title":{"rendered":"Jab\u00f3n Sanitizante Manzana"},"content":{"rendered":"<p>Jab\u00f3n con acci\u00f3n sanitizante y un delicioso aroma a manzana. Eficaz en la eliminaci\u00f3n de g\u00e9rmenes, dejando la piel limpia y fresca.<\/p>","protected":false},"excerpt":{"rendered":"<p>Jab\u00f3n con acci\u00f3n sanitizante y un delicioso aroma a manzana. Eficaz en la eliminaci\u00f3n de g\u00e9rmenes, dejando la piel limpia y fresca.<\/p>","protected":false},"featured_media":0,"template":"","meta":{"powered_cache_disable_cache":false},"product_brand":[],"product_cat":[63],"product_tag":[],"class_list":{"0":"post-4958","1":"product","2":"type-product","3":"status-publish","5":"product_cat-cuidado-personal","7":"first","8":"instock","9":"shipping-taxable","10":"product-type-simple"},"_links":{"self":[{"href":"https:\/\/labhersol.com.mx\/en\/wp-json\/wp\/v2\/product\/4958","targetHints":{"allow":["GET"]}}],"collection":[{"href":"https:\/\/labhersol.com.mx\/en\/wp-json\/wp\/v2\/product"}],"about":[{"href":"https:\/\/labhersol.com.mx\/en\/wp-json\/wp\/v2\/types\/product"}],"wp:attachment":[{"href":"https:\/\/labhersol.com.mx\/en\/wp-json\/wp\/v2\/media?parent=4958"}],"wp:term":[{"taxonomy":"product_brand","embeddable":true,"href":"https:\/\/labhersol.com.mx\/en\/wp-json\/wp\/v2\/product_brand?post=4958"},{"taxonomy":"product_cat","embeddable":true,"href":"https:\/\/labhersol.com.mx\/en\/wp-json\/wp\/v2\/product_cat?post=4958"},{"taxonomy":"product_tag","embeddable":true,"href":"https:\/\/labhersol.com.mx\/en\/wp-json\/wp\/v2\/product_tag?post=4958"}],"curies":[{"name":"wp","href":"https:\/\/api.w.org\/{rel}","templated":true}]}}