{"id":4956,"date":"2025-01-30T20:08:15","date_gmt":"2025-01-30T20:08:15","guid":{"rendered":"https:\/\/labhersol.com.mx\/?product=jabon-sanitizante-coco"},"modified":"2025-04-07T14:04:07","modified_gmt":"2025-04-07T20:04:07","slug":"jabon-sanitizante-coco","status":"publish","type":"product","link":"https:\/\/labhersol.com.mx\/en\/product\/jabon-sanitizante-coco\/","title":{"rendered":"Jab\u00f3n Sanitizante Coco"},"content":{"rendered":"<p>Jab\u00f3n con propiedades antibacterianas y fragancia a coco. Perfecto para mantener la piel limpia y protegida de g\u00e9rmenes, mientras ofrece un suave aroma tropical.<\/p>","protected":false},"excerpt":{"rendered":"<p>Jab\u00f3n con propiedades antibacterianas y fragancia a coco. Perfecto para mantener la piel limpia y protegida de g\u00e9rmenes, mientras ofrece un suave aroma tropical.<\/p>","protected":false},"featured_media":0,"template":"","meta":{"powered_cache_disable_cache":false},"product_brand":[],"product_cat":[63],"product_tag":[],"class_list":{"0":"post-4956","1":"product","2":"type-product","3":"status-publish","5":"product_cat-cuidado-personal","7":"first","8":"instock","9":"shipping-taxable","10":"product-type-simple"},"_links":{"self":[{"href":"https:\/\/labhersol.com.mx\/en\/wp-json\/wp\/v2\/product\/4956","targetHints":{"allow":["GET"]}}],"collection":[{"href":"https:\/\/labhersol.com.mx\/en\/wp-json\/wp\/v2\/product"}],"about":[{"href":"https:\/\/labhersol.com.mx\/en\/wp-json\/wp\/v2\/types\/product"}],"wp:attachment":[{"href":"https:\/\/labhersol.com.mx\/en\/wp-json\/wp\/v2\/media?parent=4956"}],"wp:term":[{"taxonomy":"product_brand","embeddable":true,"href":"https:\/\/labhersol.com.mx\/en\/wp-json\/wp\/v2\/product_brand?post=4956"},{"taxonomy":"product_cat","embeddable":true,"href":"https:\/\/labhersol.com.mx\/en\/wp-json\/wp\/v2\/product_cat?post=4956"},{"taxonomy":"product_tag","embeddable":true,"href":"https:\/\/labhersol.com.mx\/en\/wp-json\/wp\/v2\/product_tag?post=4956"}],"curies":[{"name":"wp","href":"https:\/\/api.w.org\/{rel}","templated":true}]}}