{"id":4955,"date":"2025-01-30T20:08:15","date_gmt":"2025-01-30T20:08:15","guid":{"rendered":"https:\/\/labhersol.com.mx\/?product=jabon-sanitizante-citrico"},"modified":"2025-04-07T14:01:59","modified_gmt":"2025-04-07T20:01:59","slug":"jabon-sanitizante-citrico","status":"publish","type":"product","link":"https:\/\/labhersol.com.mx\/en\/product\/jabon-sanitizante-citrico\/","title":{"rendered":"Jab\u00f3n Sanitizante C\u00edtrico"},"content":{"rendered":"<p>Jab\u00f3n con propiedades sanitizantes y fragancia c\u00edtrica. Su f\u00f3rmula elimina bacterias y deja un aroma fresco a lim\u00f3n o naranja. Ideal para la higiene personal diaria.<\/p>","protected":false},"excerpt":{"rendered":"<p>Jab\u00f3n con propiedades sanitizantes y fragancia c\u00edtrica. Su f\u00f3rmula elimina bacterias y deja un aroma fresco a lim\u00f3n o naranja. Ideal para la higiene personal diaria.<\/p>","protected":false},"featured_media":0,"template":"","meta":{"powered_cache_disable_cache":false},"product_brand":[],"product_cat":[63],"product_tag":[],"class_list":{"0":"post-4955","1":"product","2":"type-product","3":"status-publish","5":"product_cat-cuidado-personal","7":"first","8":"instock","9":"shipping-taxable","10":"product-type-simple"},"_links":{"self":[{"href":"https:\/\/labhersol.com.mx\/en\/wp-json\/wp\/v2\/product\/4955","targetHints":{"allow":["GET"]}}],"collection":[{"href":"https:\/\/labhersol.com.mx\/en\/wp-json\/wp\/v2\/product"}],"about":[{"href":"https:\/\/labhersol.com.mx\/en\/wp-json\/wp\/v2\/types\/product"}],"wp:attachment":[{"href":"https:\/\/labhersol.com.mx\/en\/wp-json\/wp\/v2\/media?parent=4955"}],"wp:term":[{"taxonomy":"product_brand","embeddable":true,"href":"https:\/\/labhersol.com.mx\/en\/wp-json\/wp\/v2\/product_brand?post=4955"},{"taxonomy":"product_cat","embeddable":true,"href":"https:\/\/labhersol.com.mx\/en\/wp-json\/wp\/v2\/product_cat?post=4955"},{"taxonomy":"product_tag","embeddable":true,"href":"https:\/\/labhersol.com.mx\/en\/wp-json\/wp\/v2\/product_tag?post=4955"}],"curies":[{"name":"wp","href":"https:\/\/api.w.org\/{rel}","templated":true}]}}