{"id":4954,"date":"2025-01-30T20:08:15","date_gmt":"2025-01-30T20:08:15","guid":{"rendered":"https:\/\/labhersol.com.mx\/?product=jabon-sanitizante"},"modified":"2025-04-07T13:58:50","modified_gmt":"2025-04-07T19:58:50","slug":"jabon-sanitizante","status":"publish","type":"product","link":"https:\/\/labhersol.com.mx\/en\/product\/jabon-sanitizante\/","title":{"rendered":"Jab\u00f3n Sanitizante"},"content":{"rendered":"<p>Jab\u00f3n que ayuda a eliminar g\u00e9rmenes y bacterias mientras limpia. Ideal para usar en \u00e1reas de alto tr\u00e1fico o para la higiene personal en tiempos de mayor preocupaci\u00f3n sanitaria.<\/p>","protected":false},"excerpt":{"rendered":"<p>Jab\u00f3n que ayuda a eliminar g\u00e9rmenes y bacterias mientras limpia. Ideal para usar en \u00e1reas de alto tr\u00e1fico o para la higiene personal en tiempos de mayor preocupaci\u00f3n sanitaria.<\/p>","protected":false},"featured_media":0,"template":"","meta":{"powered_cache_disable_cache":false},"product_brand":[],"product_cat":[63],"product_tag":[],"class_list":{"0":"post-4954","1":"product","2":"type-product","3":"status-publish","5":"product_cat-cuidado-personal","7":"first","8":"instock","9":"shipping-taxable","10":"product-type-simple"},"_links":{"self":[{"href":"https:\/\/labhersol.com.mx\/en\/wp-json\/wp\/v2\/product\/4954","targetHints":{"allow":["GET"]}}],"collection":[{"href":"https:\/\/labhersol.com.mx\/en\/wp-json\/wp\/v2\/product"}],"about":[{"href":"https:\/\/labhersol.com.mx\/en\/wp-json\/wp\/v2\/types\/product"}],"wp:attachment":[{"href":"https:\/\/labhersol.com.mx\/en\/wp-json\/wp\/v2\/media?parent=4954"}],"wp:term":[{"taxonomy":"product_brand","embeddable":true,"href":"https:\/\/labhersol.com.mx\/en\/wp-json\/wp\/v2\/product_brand?post=4954"},{"taxonomy":"product_cat","embeddable":true,"href":"https:\/\/labhersol.com.mx\/en\/wp-json\/wp\/v2\/product_cat?post=4954"},{"taxonomy":"product_tag","embeddable":true,"href":"https:\/\/labhersol.com.mx\/en\/wp-json\/wp\/v2\/product_tag?post=4954"}],"curies":[{"name":"wp","href":"https:\/\/api.w.org\/{rel}","templated":true}]}}