{"id":4952,"date":"2025-01-30T20:08:14","date_gmt":"2025-01-30T20:08:14","guid":{"rendered":"https:\/\/labhersol.com.mx\/?product=gel-de-bano"},"modified":"2025-01-30T20:08:14","modified_gmt":"2025-01-30T20:08:14","slug":"gel-de-bano","status":"publish","type":"product","link":"https:\/\/labhersol.com.mx\/en\/product\/gel-de-bano\/","title":{"rendered":"Gel de Ba\u00f1o"},"content":{"rendered":"<p>Producto limpiador corporal de uso en la ducha. Su f\u00f3rmula suave proporciona hidrataci\u00f3n y limpieza al mismo tiempo, dejando la piel suave y con un agradable aroma.<\/p>","protected":false},"excerpt":{"rendered":"<p>Producto limpiador corporal de uso en la ducha. Su f\u00f3rmula suave proporciona hidrataci\u00f3n y limpieza al mismo tiempo, dejando la piel suave y con un agradable aroma.<\/p>","protected":false},"featured_media":0,"template":"","meta":{"powered_cache_disable_cache":false},"product_brand":[],"product_cat":[63],"product_tag":[],"class_list":{"0":"post-4952","1":"product","2":"type-product","3":"status-publish","5":"product_cat-cuidado-personal","7":"first","8":"instock","9":"shipping-taxable","10":"product-type-simple"},"_links":{"self":[{"href":"https:\/\/labhersol.com.mx\/en\/wp-json\/wp\/v2\/product\/4952","targetHints":{"allow":["GET"]}}],"collection":[{"href":"https:\/\/labhersol.com.mx\/en\/wp-json\/wp\/v2\/product"}],"about":[{"href":"https:\/\/labhersol.com.mx\/en\/wp-json\/wp\/v2\/types\/product"}],"wp:attachment":[{"href":"https:\/\/labhersol.com.mx\/en\/wp-json\/wp\/v2\/media?parent=4952"}],"wp:term":[{"taxonomy":"product_brand","embeddable":true,"href":"https:\/\/labhersol.com.mx\/en\/wp-json\/wp\/v2\/product_brand?post=4952"},{"taxonomy":"product_cat","embeddable":true,"href":"https:\/\/labhersol.com.mx\/en\/wp-json\/wp\/v2\/product_cat?post=4952"},{"taxonomy":"product_tag","embeddable":true,"href":"https:\/\/labhersol.com.mx\/en\/wp-json\/wp\/v2\/product_tag?post=4952"}],"curies":[{"name":"wp","href":"https:\/\/api.w.org\/{rel}","templated":true}]}}