{"id":4939,"date":"2025-01-30T20:08:09","date_gmt":"2025-01-30T20:08:09","guid":{"rendered":"https:\/\/labhersol.com.mx\/?product=propilenglicol"},"modified":"2025-04-07T14:42:10","modified_gmt":"2025-04-07T20:42:10","slug":"propilenglicol","status":"publish","type":"product","link":"https:\/\/labhersol.com.mx\/en\/product\/propilenglicol\/","title":{"rendered":"Propilenglicol"},"content":{"rendered":"<p>L\u00edquido viscoso utilizado en cosm\u00e9ticos, productos farmac\u00e9uticos y en la industria qu\u00edmica como humectante, solvente y estabilizante.<\/p>","protected":false},"excerpt":{"rendered":"<p>L\u00edquido viscoso utilizado en cosm\u00e9ticos, productos farmac\u00e9uticos y en la industria qu\u00edmica como humectante, solvente y estabilizante.<\/p>","protected":false},"featured_media":0,"template":"","meta":{"powered_cache_disable_cache":false},"product_brand":[],"product_cat":[62],"product_tag":[],"class_list":{"0":"post-4939","1":"product","2":"type-product","3":"status-publish","5":"product_cat-materias-primas","7":"first","8":"instock","9":"shipping-taxable","10":"product-type-simple"},"_links":{"self":[{"href":"https:\/\/labhersol.com.mx\/en\/wp-json\/wp\/v2\/product\/4939","targetHints":{"allow":["GET"]}}],"collection":[{"href":"https:\/\/labhersol.com.mx\/en\/wp-json\/wp\/v2\/product"}],"about":[{"href":"https:\/\/labhersol.com.mx\/en\/wp-json\/wp\/v2\/types\/product"}],"wp:attachment":[{"href":"https:\/\/labhersol.com.mx\/en\/wp-json\/wp\/v2\/media?parent=4939"}],"wp:term":[{"taxonomy":"product_brand","embeddable":true,"href":"https:\/\/labhersol.com.mx\/en\/wp-json\/wp\/v2\/product_brand?post=4939"},{"taxonomy":"product_cat","embeddable":true,"href":"https:\/\/labhersol.com.mx\/en\/wp-json\/wp\/v2\/product_cat?post=4939"},{"taxonomy":"product_tag","embeddable":true,"href":"https:\/\/labhersol.com.mx\/en\/wp-json\/wp\/v2\/product_tag?post=4939"}],"curies":[{"name":"wp","href":"https:\/\/api.w.org\/{rel}","templated":true}]}}