{"id":4924,"date":"2025-01-30T20:08:05","date_gmt":"2025-01-30T20:08:05","guid":{"rendered":"https:\/\/labhersol.com.mx\/?product=lauril-eter-sulfato-de-sodio"},"modified":"2025-04-07T10:41:56","modified_gmt":"2025-04-07T16:41:56","slug":"lauril-eter-sulfato-de-sodio","status":"publish","type":"product","link":"https:\/\/labhersol.com.mx\/en\/product\/lauril-eter-sulfato-de-sodio\/","title":{"rendered":"Lauril Eter Sulfato de Sodio"},"content":{"rendered":"<p>Tensioactivo ani\u00f3nico utilizado en la fabricaci\u00f3n de productos de limpieza y cosm\u00e9ticos como champ\u00fas, jabones y geles.<\/p>","protected":false},"excerpt":{"rendered":"<p>Tensioactivo ani\u00f3nico utilizado en la fabricaci\u00f3n de productos de limpieza y cosm\u00e9ticos como champ\u00fas, jabones y geles.<\/p>","protected":false},"featured_media":0,"template":"","meta":{"powered_cache_disable_cache":false},"product_brand":[],"product_cat":[62],"product_tag":[],"class_list":{"0":"post-4924","1":"product","2":"type-product","3":"status-publish","5":"product_cat-materias-primas","7":"first","8":"instock","9":"shipping-taxable","10":"product-type-simple"},"_links":{"self":[{"href":"https:\/\/labhersol.com.mx\/en\/wp-json\/wp\/v2\/product\/4924","targetHints":{"allow":["GET"]}}],"collection":[{"href":"https:\/\/labhersol.com.mx\/en\/wp-json\/wp\/v2\/product"}],"about":[{"href":"https:\/\/labhersol.com.mx\/en\/wp-json\/wp\/v2\/types\/product"}],"wp:attachment":[{"href":"https:\/\/labhersol.com.mx\/en\/wp-json\/wp\/v2\/media?parent=4924"}],"wp:term":[{"taxonomy":"product_brand","embeddable":true,"href":"https:\/\/labhersol.com.mx\/en\/wp-json\/wp\/v2\/product_brand?post=4924"},{"taxonomy":"product_cat","embeddable":true,"href":"https:\/\/labhersol.com.mx\/en\/wp-json\/wp\/v2\/product_cat?post=4924"},{"taxonomy":"product_tag","embeddable":true,"href":"https:\/\/labhersol.com.mx\/en\/wp-json\/wp\/v2\/product_tag?post=4924"}],"curies":[{"name":"wp","href":"https:\/\/api.w.org\/{rel}","templated":true}]}}