{"id":4916,"date":"2025-01-30T20:08:03","date_gmt":"2025-01-30T20:08:03","guid":{"rendered":"https:\/\/labhersol.com.mx\/?product=formaldehido-formol-37-7"},"modified":"2025-02-25T00:45:40","modified_gmt":"2025-02-25T06:45:40","slug":"formaldehido-formol-37-7","status":"publish","type":"product","link":"https:\/\/labhersol.com.mx\/en\/product\/formaldehido-formol-37-7\/","title":{"rendered":"Formaldeh\u00eddo (Formol 37.7%)"},"content":{"rendered":"<p>Compuesto qu\u00edmico utilizado como conservante en productos cosm\u00e9ticos y de limpieza, y tambi\u00e9n como desinfectante.<\/p>","protected":false},"excerpt":{"rendered":"<p>Compuesto qu\u00edmico utilizado como conservante en productos cosm\u00e9ticos y de limpieza, y tambi\u00e9n como desinfectante.<\/p>","protected":false},"featured_media":0,"template":"","meta":{"powered_cache_disable_cache":false},"product_brand":[],"product_cat":[62],"product_tag":[],"class_list":{"0":"post-4916","1":"product","2":"type-product","3":"status-publish","5":"product_cat-materias-primas","7":"first","8":"instock","9":"shipping-taxable","10":"product-type-simple"},"_links":{"self":[{"href":"https:\/\/labhersol.com.mx\/en\/wp-json\/wp\/v2\/product\/4916","targetHints":{"allow":["GET"]}}],"collection":[{"href":"https:\/\/labhersol.com.mx\/en\/wp-json\/wp\/v2\/product"}],"about":[{"href":"https:\/\/labhersol.com.mx\/en\/wp-json\/wp\/v2\/types\/product"}],"wp:attachment":[{"href":"https:\/\/labhersol.com.mx\/en\/wp-json\/wp\/v2\/media?parent=4916"}],"wp:term":[{"taxonomy":"product_brand","embeddable":true,"href":"https:\/\/labhersol.com.mx\/en\/wp-json\/wp\/v2\/product_brand?post=4916"},{"taxonomy":"product_cat","embeddable":true,"href":"https:\/\/labhersol.com.mx\/en\/wp-json\/wp\/v2\/product_cat?post=4916"},{"taxonomy":"product_tag","embeddable":true,"href":"https:\/\/labhersol.com.mx\/en\/wp-json\/wp\/v2\/product_tag?post=4916"}],"curies":[{"name":"wp","href":"https:\/\/api.w.org\/{rel}","templated":true}]}}