{"id":4901,"date":"2025-01-30T20:07:57","date_gmt":"2025-01-30T20:07:57","guid":{"rendered":"https:\/\/labhersol.com.mx\/?product=borax-pentahidratado"},"modified":"2025-01-30T20:07:57","modified_gmt":"2025-01-30T20:07:57","slug":"borax-pentahidratado","status":"publish","type":"product","link":"https:\/\/labhersol.com.mx\/en\/product\/borax-pentahidratado\/","title":{"rendered":"B\u00f3rax Pentahidratado"},"content":{"rendered":"<p>Sal utilizada en la fabricaci\u00f3n de productos de limpieza y como estabilizante en productos cosm\u00e9ticos.<\/p>","protected":false},"excerpt":{"rendered":"<p>Sal utilizada en la fabricaci\u00f3n de productos de limpieza y como estabilizante en productos cosm\u00e9ticos.<\/p>","protected":false},"featured_media":0,"template":"","meta":{"powered_cache_disable_cache":false},"product_brand":[],"product_cat":[62],"product_tag":[],"class_list":{"0":"post-4901","1":"product","2":"type-product","3":"status-publish","5":"product_cat-materias-primas","7":"first","8":"instock","9":"shipping-taxable","10":"product-type-simple"},"_links":{"self":[{"href":"https:\/\/labhersol.com.mx\/en\/wp-json\/wp\/v2\/product\/4901","targetHints":{"allow":["GET"]}}],"collection":[{"href":"https:\/\/labhersol.com.mx\/en\/wp-json\/wp\/v2\/product"}],"about":[{"href":"https:\/\/labhersol.com.mx\/en\/wp-json\/wp\/v2\/types\/product"}],"wp:attachment":[{"href":"https:\/\/labhersol.com.mx\/en\/wp-json\/wp\/v2\/media?parent=4901"}],"wp:term":[{"taxonomy":"product_brand","embeddable":true,"href":"https:\/\/labhersol.com.mx\/en\/wp-json\/wp\/v2\/product_brand?post=4901"},{"taxonomy":"product_cat","embeddable":true,"href":"https:\/\/labhersol.com.mx\/en\/wp-json\/wp\/v2\/product_cat?post=4901"},{"taxonomy":"product_tag","embeddable":true,"href":"https:\/\/labhersol.com.mx\/en\/wp-json\/wp\/v2\/product_tag?post=4901"}],"curies":[{"name":"wp","href":"https:\/\/api.w.org\/{rel}","templated":true}]}}