{"id":4895,"date":"2025-01-30T20:07:56","date_gmt":"2025-01-30T20:07:56","guid":{"rendered":"https:\/\/labhersol.com.mx\/?product=antiespumante-nf10"},"modified":"2025-01-30T20:07:56","modified_gmt":"2025-01-30T20:07:56","slug":"antiespumante-nf10","status":"publish","type":"product","link":"https:\/\/labhersol.com.mx\/en\/product\/antiespumante-nf10\/","title":{"rendered":"Antiespumante NF10"},"content":{"rendered":"<p>Agente utilizado para reducir la formaci\u00f3n de espuma en la industria qu\u00edmica, alimentaria y cosm\u00e9tica.<\/p>","protected":false},"excerpt":{"rendered":"<p>Agente utilizado para reducir la formaci\u00f3n de espuma en la industria qu\u00edmica, alimentaria y cosm\u00e9tica.<\/p>","protected":false},"featured_media":0,"template":"","meta":{"powered_cache_disable_cache":false},"product_brand":[],"product_cat":[62],"product_tag":[],"class_list":{"0":"post-4895","1":"product","2":"type-product","3":"status-publish","5":"product_cat-materias-primas","7":"first","8":"instock","9":"shipping-taxable","10":"product-type-simple"},"_links":{"self":[{"href":"https:\/\/labhersol.com.mx\/en\/wp-json\/wp\/v2\/product\/4895","targetHints":{"allow":["GET"]}}],"collection":[{"href":"https:\/\/labhersol.com.mx\/en\/wp-json\/wp\/v2\/product"}],"about":[{"href":"https:\/\/labhersol.com.mx\/en\/wp-json\/wp\/v2\/types\/product"}],"wp:attachment":[{"href":"https:\/\/labhersol.com.mx\/en\/wp-json\/wp\/v2\/media?parent=4895"}],"wp:term":[{"taxonomy":"product_brand","embeddable":true,"href":"https:\/\/labhersol.com.mx\/en\/wp-json\/wp\/v2\/product_brand?post=4895"},{"taxonomy":"product_cat","embeddable":true,"href":"https:\/\/labhersol.com.mx\/en\/wp-json\/wp\/v2\/product_cat?post=4895"},{"taxonomy":"product_tag","embeddable":true,"href":"https:\/\/labhersol.com.mx\/en\/wp-json\/wp\/v2\/product_tag?post=4895"}],"curies":[{"name":"wp","href":"https:\/\/api.w.org\/{rel}","templated":true}]}}