{"id":4894,"date":"2025-01-30T20:07:55","date_gmt":"2025-01-30T20:07:55","guid":{"rendered":"https:\/\/labhersol.com.mx\/?product=antiespumante"},"modified":"2025-01-30T20:07:55","modified_gmt":"2025-01-30T20:07:55","slug":"antiespumante","status":"publish","type":"product","link":"https:\/\/labhersol.com.mx\/en\/product\/antiespumante\/","title":{"rendered":"Antiespumante"},"content":{"rendered":"<p>Compuestos utilizados en productos cosm\u00e9ticos, de limpieza y en industrias de fabricaci\u00f3n para evitar la formaci\u00f3n de espuma.<\/p>","protected":false},"excerpt":{"rendered":"<p>Compuestos utilizados en productos cosm\u00e9ticos, de limpieza y en industrias de fabricaci\u00f3n para evitar la formaci\u00f3n de espuma.<\/p>","protected":false},"featured_media":0,"template":"","meta":{"powered_cache_disable_cache":false},"product_brand":[],"product_cat":[62],"product_tag":[],"class_list":{"0":"post-4894","1":"product","2":"type-product","3":"status-publish","5":"product_cat-materias-primas","7":"first","8":"instock","9":"shipping-taxable","10":"product-type-simple"},"_links":{"self":[{"href":"https:\/\/labhersol.com.mx\/en\/wp-json\/wp\/v2\/product\/4894","targetHints":{"allow":["GET"]}}],"collection":[{"href":"https:\/\/labhersol.com.mx\/en\/wp-json\/wp\/v2\/product"}],"about":[{"href":"https:\/\/labhersol.com.mx\/en\/wp-json\/wp\/v2\/types\/product"}],"wp:attachment":[{"href":"https:\/\/labhersol.com.mx\/en\/wp-json\/wp\/v2\/media?parent=4894"}],"wp:term":[{"taxonomy":"product_brand","embeddable":true,"href":"https:\/\/labhersol.com.mx\/en\/wp-json\/wp\/v2\/product_brand?post=4894"},{"taxonomy":"product_cat","embeddable":true,"href":"https:\/\/labhersol.com.mx\/en\/wp-json\/wp\/v2\/product_cat?post=4894"},{"taxonomy":"product_tag","embeddable":true,"href":"https:\/\/labhersol.com.mx\/en\/wp-json\/wp\/v2\/product_tag?post=4894"}],"curies":[{"name":"wp","href":"https:\/\/api.w.org\/{rel}","templated":true}]}}