{"id":4816,"date":"2025-01-30T20:07:29","date_gmt":"2025-01-30T20:07:29","guid":{"rendered":"https:\/\/labhersol.com.mx\/?product=potasa-caustica-liquida-al-47"},"modified":"2025-01-30T20:07:29","modified_gmt":"2025-01-30T20:07:29","slug":"potasa-caustica-liquida-al-47","status":"publish","type":"product","link":"https:\/\/labhersol.com.mx\/en\/product\/potasa-caustica-liquida-al-47\/","title":{"rendered":"Potasa C\u00e1ustica L\u00edquida al 47%"},"content":{"rendered":"<p>Soluci\u00f3n acuosa de hidr\u00f3xido de potasio usada en procesos de fabricaci\u00f3n de jab\u00f3n y en la industria qu\u00edmica.<\/p>","protected":false},"excerpt":{"rendered":"<p>Soluci\u00f3n acuosa de hidr\u00f3xido de potasio usada en procesos de fabricaci\u00f3n de jab\u00f3n y en la industria qu\u00edmica.<\/p>","protected":false},"featured_media":0,"template":"","meta":{"powered_cache_disable_cache":false},"product_brand":[],"product_cat":[59],"product_tag":[],"class_list":{"0":"post-4816","1":"product","2":"type-product","3":"status-publish","5":"product_cat-bases-hidroxidos","7":"first","8":"instock","9":"shipping-taxable","10":"product-type-simple"},"_links":{"self":[{"href":"https:\/\/labhersol.com.mx\/en\/wp-json\/wp\/v2\/product\/4816","targetHints":{"allow":["GET"]}}],"collection":[{"href":"https:\/\/labhersol.com.mx\/en\/wp-json\/wp\/v2\/product"}],"about":[{"href":"https:\/\/labhersol.com.mx\/en\/wp-json\/wp\/v2\/types\/product"}],"wp:attachment":[{"href":"https:\/\/labhersol.com.mx\/en\/wp-json\/wp\/v2\/media?parent=4816"}],"wp:term":[{"taxonomy":"product_brand","embeddable":true,"href":"https:\/\/labhersol.com.mx\/en\/wp-json\/wp\/v2\/product_brand?post=4816"},{"taxonomy":"product_cat","embeddable":true,"href":"https:\/\/labhersol.com.mx\/en\/wp-json\/wp\/v2\/product_cat?post=4816"},{"taxonomy":"product_tag","embeddable":true,"href":"https:\/\/labhersol.com.mx\/en\/wp-json\/wp\/v2\/product_tag?post=4816"}],"curies":[{"name":"wp","href":"https:\/\/api.w.org\/{rel}","templated":true}]}}