{"id":4814,"date":"2025-01-30T20:07:29","date_gmt":"2025-01-30T20:07:29","guid":{"rendered":"https:\/\/labhersol.com.mx\/?product=hidroxido-de-amonio"},"modified":"2025-01-30T20:07:29","modified_gmt":"2025-01-30T20:07:29","slug":"hidroxido-de-amonio","status":"publish","type":"product","link":"https:\/\/labhersol.com.mx\/en\/product\/hidroxido-de-amonio\/","title":{"rendered":"Hidr\u00f3xido de Amonio"},"content":{"rendered":"<p>Compuesto utilizado como base en la fabricaci\u00f3n de productos de limpieza, fertilizantes y en la industria qu\u00edmica.<\/p>","protected":false},"excerpt":{"rendered":"<p>Compuesto utilizado como base en la fabricaci\u00f3n de productos de limpieza, fertilizantes y en la industria qu\u00edmica.<\/p>","protected":false},"featured_media":0,"template":"","meta":{"powered_cache_disable_cache":false},"product_brand":[],"product_cat":[59],"product_tag":[],"class_list":{"0":"post-4814","1":"product","2":"type-product","3":"status-publish","5":"product_cat-bases-hidroxidos","7":"first","8":"instock","9":"shipping-taxable","10":"product-type-simple"},"_links":{"self":[{"href":"https:\/\/labhersol.com.mx\/en\/wp-json\/wp\/v2\/product\/4814","targetHints":{"allow":["GET"]}}],"collection":[{"href":"https:\/\/labhersol.com.mx\/en\/wp-json\/wp\/v2\/product"}],"about":[{"href":"https:\/\/labhersol.com.mx\/en\/wp-json\/wp\/v2\/types\/product"}],"wp:attachment":[{"href":"https:\/\/labhersol.com.mx\/en\/wp-json\/wp\/v2\/media?parent=4814"}],"wp:term":[{"taxonomy":"product_brand","embeddable":true,"href":"https:\/\/labhersol.com.mx\/en\/wp-json\/wp\/v2\/product_brand?post=4814"},{"taxonomy":"product_cat","embeddable":true,"href":"https:\/\/labhersol.com.mx\/en\/wp-json\/wp\/v2\/product_cat?post=4814"},{"taxonomy":"product_tag","embeddable":true,"href":"https:\/\/labhersol.com.mx\/en\/wp-json\/wp\/v2\/product_tag?post=4814"}],"curies":[{"name":"wp","href":"https:\/\/api.w.org\/{rel}","templated":true}]}}