{"id":4796,"date":"2025-01-30T20:07:24","date_gmt":"2025-01-30T20:07:24","guid":{"rendered":"https:\/\/labhersol.com.mx\/?product=cloruro-cuprico"},"modified":"2025-01-30T20:07:24","modified_gmt":"2025-01-30T20:07:24","slug":"cloruro-cuprico","status":"publish","type":"product","link":"https:\/\/labhersol.com.mx\/en\/product\/cloruro-cuprico\/","title":{"rendered":"Cloruro C\u00faprico"},"content":{"rendered":"<p>Compuesto utilizado en la industria qu\u00edmica y metal\u00fargica, en procesos de galvanoplastia y como reactivo en laboratorio.<\/p>","protected":false},"excerpt":{"rendered":"<p>Compuesto utilizado en la industria qu\u00edmica y metal\u00fargica, en procesos de galvanoplastia y como reactivo en laboratorio.<\/p>","protected":false},"featured_media":0,"template":"","meta":{"powered_cache_disable_cache":false},"product_brand":[],"product_cat":[56],"product_tag":[],"class_list":{"0":"post-4796","1":"product","2":"type-product","3":"status-publish","5":"product_cat-cloruros","7":"first","8":"instock","9":"shipping-taxable","10":"product-type-simple"},"_links":{"self":[{"href":"https:\/\/labhersol.com.mx\/en\/wp-json\/wp\/v2\/product\/4796","targetHints":{"allow":["GET"]}}],"collection":[{"href":"https:\/\/labhersol.com.mx\/en\/wp-json\/wp\/v2\/product"}],"about":[{"href":"https:\/\/labhersol.com.mx\/en\/wp-json\/wp\/v2\/types\/product"}],"wp:attachment":[{"href":"https:\/\/labhersol.com.mx\/en\/wp-json\/wp\/v2\/media?parent=4796"}],"wp:term":[{"taxonomy":"product_brand","embeddable":true,"href":"https:\/\/labhersol.com.mx\/en\/wp-json\/wp\/v2\/product_brand?post=4796"},{"taxonomy":"product_cat","embeddable":true,"href":"https:\/\/labhersol.com.mx\/en\/wp-json\/wp\/v2\/product_cat?post=4796"},{"taxonomy":"product_tag","embeddable":true,"href":"https:\/\/labhersol.com.mx\/en\/wp-json\/wp\/v2\/product_tag?post=4796"}],"curies":[{"name":"wp","href":"https:\/\/api.w.org\/{rel}","templated":true}]}}